{"id":1078,"date":"2014-12-29T11:18:10","date_gmt":"2014-12-29T10:18:10","guid":{"rendered":"https:\/\/poligrafiafabisiak.pl\/teknologier\/"},"modified":"2024-01-31T15:03:30","modified_gmt":"2024-01-31T14:03:30","slug":"teknologier","status":"publish","type":"page","link":"https:\/\/poligrafiafabisiak.pl\/no\/teknologier\/","title":{"rendered":"Teknologier"},"content":{"rendered":"<p>[vc_row css=&#8221;.vc_custom_1413546763880{margin-bottom: 0px !important;background-image: url(http:\/\/poligrafiafabisiak.pl\/wp-content\/uploads\/2014\/10\/bg5.jpg?id=37) !important;}&#8221; el_class=&#8221;pasek bgv-center bgh-center sekcja-technologie&#8221;][vc_column][vc_empty_space height=&#8221;80&#8243;][vc_column_text]<\/p>\n<h1>Teknologier<\/h1>\n<p>[\/vc_column_text][vc_empty_space height=&#8221;80&#8243;][vc_row_inner][vc_column_inner width=&#8221;1\/2&#8243;][vc_column_text el_class=&#8221;home-technologie-1&#8243;]<\/p>\n<h3>PREPRESS<\/h3>\n<ul>\n<li>Helautomatisk Kodak Achive T800 CTP-eksponeringsmaskin som arbeider med termisk teknologi p\u00e5 prosessfrie plater &#8211; \u00d8KOLOGISK KEMIKALIEFRI MATRIXERING<\/li>\n<\/ul>\n<p>[\/vc_column_text][vc_column_text el_class=&#8221;home-technologie-2&#8243;]<\/p>\n<h3>PRESS<\/h3>\n<ul>\n<li>KBA RAPIDA 75 PRO &#8211; format 740\u00d7590 mm, 5 farger, CMYK + Pantone + dispergeringslakk, maks. hastighet 15 000 ark\/time, trykkmaskin med ErgoTronic ColorDrive automatisk fargem\u00e5ling, QualiTronic ColorControl &#8211; dynamisk automatisk inline fargekontroll og -justering, drip-off-effekt, soft touch, h\u00f8yglans, ultramatt.<\/li>\n<li>KBA RAPIDA 75 &#8211; format 740\u00d7510 mm, 4 farger, CMYK + dispergeringslakk, maksimal hastighet 15 000 ark\/time<\/li>\n<li>Konica minolta Accurio Press &#8211; fargeutskrifter p\u00e5 opptil 330\u00d7487 mm<\/li>\n<li>Konica minolta Accurio Press &#8211; svart-hvitt-utskrifter i opptil 330\u00d7650 mm-format<\/li>\n<li>EPSON SureColor SC-P5000 VIOLET Spectro proofingsystem &#8211; med EFI FIERY XF 6.4 Proofing kontroller i henhold til ISO VER.3 FOGRA 52-standarden.<\/li>\n<li>\n<p class=\"p1\"><span class=\"s1\">Sakurai-format 720\u00d7520, dobbeltsidig utskrift i \u00e9n omgang, utskriftshastighet 12 000. Ark\/t<\/span><\/p>\n<\/li>\n<li>\n<p class=\"p1\"><span class=\"s1\">Konica <\/span><span class=\"s2\">Konica minolta Accurio Press 6136P &#8211; svart-hvitt-utskrift \u00f8ker v\u00e5r digitale utskriftskapasitet til 300 000 ark per dag.<\/span><\/p>\n<\/li>\n<\/ul>\n<p>[\/vc_column_text][\/vc_column_inner][vc_column_inner width=&#8221;1\/2&#8243;][vc_column_text el_class=&#8221;home-technologie-3&#8243;]<\/p>\n<h3>POSTPRESS<\/h3>\n<ul>\n<li>Helautomatisk kantlimemaskin Horizon BQ 470 PUR\/EVA. nheten bruker ufarlig PUR-limteknologi med mikroutslipp. Kantlimemaskin er perfekt for liming av b\u00f8ker i de vanskeligste materialer, b\u00f8ker med h\u00f8y belastning<\/li>\n<li>\n<p class=\"p1\"><span class=\"s1\">QNB 750 Laminering helautomatisk lamineringsmaskin for gelatinlim, optisk justering med en presisjon p\u00e5 0,5 mm, format 700\u00d71000, hastighet opptil 1600 ark\/time<\/span><\/p>\n<\/li>\n<li>Wohlenberg samleb\u00e5nd, 20 stasjoner + manuell innmatingsseksjon, format min.110\u00d775 max.370\u00d7350 mm, kapasitet 6000 tusen. Sett\/time<\/li>\n<li>POLAR 92 datastyrt skj\u00e6remaskin<\/li>\n<li>Perfecta Speed Cut 115 papirskj\u00e6relinje<br \/>\nautomatisk folierer i 530\u00d7740 mm format<\/li>\n<li>HEIDELBERG Stahlfolder Ti 52 foldingmaskin med mulighet for in-line liming. Fire parallelle og ett vinkelrett brudd.<\/li>\n<li>Den helautomatiske foldingmaskinen Horizon AFC 566F har seks parallelle brudd og to vinkelrette kassettbrudd og deretter to krysskolonner. Denne konfigurasjonen gj\u00f8r det mulig \u00e5 brette sv\u00e6rt komplekse instruksjoner og ulike former for reklamemateriell.<\/li>\n<li>Brettemaskin i B3-format designet for bretting av mikrobrosjyrer med min. 15 mm brudd, fra EURO FOLD.<\/li>\n<li>Industriell innbindingsmaskin fra JAMES BURN<\/li>\n<li>Stansemaskiner i A1 x2-format<\/li>\n<li>Automatisk stansemaskin i format 54\u00d774<\/li>\n<li>Lamineringslinje i B2+-format<\/li>\n<li>To brosjyre innbindingslinjer Duplo 5000 og Duplo i600 (hefteinnbinding) med planoarksamling opp til B3-format (hefteinnbinding min. format 120\u00d780 mm, maks. format B4 med en kapasitet p\u00e5 10 000 ark i timen, samler opptil 20 planoark).<\/li>\n<li>Halvautomatisk hot-stamping maskin for A1-format<\/li>\n<li>2x JAMES BURN industrielle innbindingsmaskiner med en bredde p\u00e5 opptil 610 mm<\/li>\n<li>halvautomatisk RENZ-spiralbindemaskin med opphengsmating opp til 530 mm bredde<\/li>\n<li>Automatisk kr\u00f8llings-, perforerings- og skj\u00e6remaskin CYCLOS<\/li>\n<li>HELAUTOMATISK BRETTE- OG FALSEAUTOMAT MULTIGRAF CF 375<\/li>\n<li>\n<div>Automatisk brette- og limmaskin for emballasje, \u00e5tte limpunkter, strekkodekontroll, liming av laminert emballasje, mulighet for p\u00e5f\u00f8ring av dobbeltsidig teip i \u00e9n omgang, liming av cd-emballasje, liming av popcorn- og chipsemballasje, e-commerce emballasje.<\/div>\n<div>\n<ul>\n<li>\n<div>skj\u00e6re- og kr\u00f8llingplotter med automatisk innmatning og optisk tilpasning, format B2+.<\/div>\n<\/li>\n<li>\n<div><span style=\"font-family: Open Sans, sans-serif; font-size: medium;\">automatisk stansemaskin med rengj\u00f8ringsseksjon i format 760\u00d7600 mm<\/span><\/div>\n<\/li>\n<li>\n<div>automatisk verkt\u00f8yskubber<\/div>\n<\/li>\n<li>\n<div>brosjyre innbindingslinje med tre blader<\/div>\n<\/li>\n<\/ul>\n<\/div>\n<\/li>\n<\/ul>\n<p>[\/vc_column_text][\/vc_column_inner][\/vc_row_inner][vc_empty_space height=&#8221;80&#8243;][\/vc_column][\/vc_row]<\/p>\n","protected":false},"excerpt":{"rendered":"<p>[vc_row css=&#8221;.vc_custom_1413546763880{margin-bottom: 0px !important;background-image: url(http:\/\/poligrafiafabisiak.pl\/wp-content\/uploads\/2014\/10\/bg5.jpg?id=37) !important;}&#8221; el_class=&#8221;pasek bgv-center bgh-center sekcja-technologie&#8221;][vc_column][vc_empty_space height=&#8221;80&#8243;][vc_column_text] Teknologier [\/vc_column_text][vc_empty_space height=&#8221;80&#8243;][vc_row_inner][vc_column_inner width=&#8221;1\/2&#8243;][vc_column_text el_class=&#8221;home-technologie-1&#8243;] PREPRESS Helautomatisk Kodak Achive T800 CTP-eksponeringsmaskin som arbeider med termisk teknologi p\u00e5 prosessfrie plater &#8211; \u00d8KOLOGISK KEMIKALIEFRI MATRIXERING [\/vc_column_text][vc_column_text el_class=&#8221;home-technologie-2&#8243;] PRESS KBA RAPIDA 75 PRO &#8211; format 740\u00d7590 mm, 5 farger, CMYK + Pantone + dispergeringslakk, maks. hastighet 15&#8230;<\/p>\n","protected":false},"author":2,"featured_media":0,"parent":0,"menu_order":0,"comment_status":"closed","ping_status":"open","template":"page-templates\/fullpage.php","meta":[],"yoast_head":"<!-- This site is optimized with the Yoast SEO plugin v15.9 - https:\/\/yoast.com\/wordpress\/plugins\/seo\/ -->\n<meta name=\"robots\" content=\"index, follow, max-snippet:-1, max-image-preview:large, max-video-preview:-1\" \/>\n<link rel=\"canonical\" href=\"https:\/\/poligrafiafabisiak.pl\/no\/teknologier\/\" \/>\n<meta property=\"og:locale\" content=\"nb_NO\" \/>\n<meta property=\"og:type\" content=\"article\" \/>\n<meta property=\"og:title\" content=\"Teknologier - Poligrafia Fabisiak\" \/>\n<meta property=\"og:description\" content=\"[vc_row css=&#8221;.vc_custom_1413546763880{margin-bottom: 0px !important;background-image: url(http:\/\/poligrafiafabisiak.pl\/wp-content\/uploads\/2014\/10\/bg5.jpg?id=37) !important;}&#8221; el_class=&#8221;pasek bgv-center bgh-center sekcja-technologie&#8221;][vc_column][vc_empty_space height=&#8221;80&#8243;][vc_column_text] Teknologier [\/vc_column_text][vc_empty_space height=&#8221;80&#8243;][vc_row_inner][vc_column_inner width=&#8221;1\/2&#8243;][vc_column_text el_class=&#8221;home-technologie-1&#8243;] PREPRESS Helautomatisk Kodak Achive T800 CTP-eksponeringsmaskin som arbeider med termisk teknologi p\u00e5 prosessfrie plater &#8211; \u00d8KOLOGISK KEMIKALIEFRI MATRIXERING [\/vc_column_text][vc_column_text el_class=&#8221;home-technologie-2&#8243;] PRESS KBA RAPIDA 75 PRO &#8211; format 740\u00d7590 mm, 5 farger, CMYK + Pantone + dispergeringslakk, maks. hastighet 15...\" \/>\n<meta property=\"og:url\" content=\"https:\/\/poligrafiafabisiak.pl\/no\/teknologier\/\" \/>\n<meta property=\"og:site_name\" content=\"Poligrafia Fabisiak\" \/>\n<meta property=\"article:modified_time\" content=\"2024-01-31T14:03:30+00:00\" \/>\n<meta name=\"twitter:label1\" content=\"Ansl. lesetid\">\n\t<meta name=\"twitter:data1\" content=\"3 minutter\">\n<script type=\"application\/ld+json\" class=\"yoast-schema-graph\">{\"@context\":\"https:\/\/schema.org\",\"@graph\":[{\"@type\":\"WebSite\",\"@id\":\"https:\/\/poligrafiafabisiak.pl\/#website\",\"url\":\"https:\/\/poligrafiafabisiak.pl\/\",\"name\":\"Poligrafia Fabisiak\",\"description\":\"drukarnia Pozna\\u0144 poligrafia - druk offsetowy i cyfrowy\",\"potentialAction\":[{\"@type\":\"SearchAction\",\"target\":\"https:\/\/poligrafiafabisiak.pl\/?s={search_term_string}\",\"query-input\":\"required name=search_term_string\"}],\"inLanguage\":\"nb-NO\"},{\"@type\":\"WebPage\",\"@id\":\"https:\/\/poligrafiafabisiak.pl\/no\/teknologier\/#webpage\",\"url\":\"https:\/\/poligrafiafabisiak.pl\/no\/teknologier\/\",\"name\":\"Teknologier - Poligrafia Fabisiak\",\"isPartOf\":{\"@id\":\"https:\/\/poligrafiafabisiak.pl\/#website\"},\"datePublished\":\"2014-12-29T10:18:10+00:00\",\"dateModified\":\"2024-01-31T14:03:30+00:00\",\"breadcrumb\":{\"@id\":\"https:\/\/poligrafiafabisiak.pl\/no\/teknologier\/#breadcrumb\"},\"inLanguage\":\"nb-NO\",\"potentialAction\":[{\"@type\":\"ReadAction\",\"target\":[\"https:\/\/poligrafiafabisiak.pl\/no\/teknologier\/\"]}]},{\"@type\":\"BreadcrumbList\",\"@id\":\"https:\/\/poligrafiafabisiak.pl\/no\/teknologier\/#breadcrumb\",\"itemListElement\":[{\"@type\":\"ListItem\",\"position\":1,\"item\":{\"@type\":\"WebPage\",\"@id\":\"https:\/\/poligrafiafabisiak.pl\/no\/\",\"url\":\"https:\/\/poligrafiafabisiak.pl\/no\/\",\"name\":\"Strona g\\u0142\\u00f3wna\"}},{\"@type\":\"ListItem\",\"position\":2,\"item\":{\"@type\":\"WebPage\",\"@id\":\"https:\/\/poligrafiafabisiak.pl\/no\/teknologier\/\",\"url\":\"https:\/\/poligrafiafabisiak.pl\/no\/teknologier\/\",\"name\":\"Teknologier\"}}]}]}<\/script>\n<!-- \/ Yoast SEO plugin. -->","_links":{"self":[{"href":"https:\/\/poligrafiafabisiak.pl\/no\/wp-json\/wp\/v2\/pages\/1078"}],"collection":[{"href":"https:\/\/poligrafiafabisiak.pl\/no\/wp-json\/wp\/v2\/pages"}],"about":[{"href":"https:\/\/poligrafiafabisiak.pl\/no\/wp-json\/wp\/v2\/types\/page"}],"author":[{"embeddable":true,"href":"https:\/\/poligrafiafabisiak.pl\/no\/wp-json\/wp\/v2\/users\/2"}],"replies":[{"embeddable":true,"href":"https:\/\/poligrafiafabisiak.pl\/no\/wp-json\/wp\/v2\/comments?post=1078"}],"version-history":[{"count":2,"href":"https:\/\/poligrafiafabisiak.pl\/no\/wp-json\/wp\/v2\/pages\/1078\/revisions"}],"predecessor-version":[{"id":1080,"href":"https:\/\/poligrafiafabisiak.pl\/no\/wp-json\/wp\/v2\/pages\/1078\/revisions\/1080"}],"wp:attachment":[{"href":"https:\/\/poligrafiafabisiak.pl\/no\/wp-json\/wp\/v2\/media?parent=1078"}],"curies":[{"name":"wp","href":"https:\/\/api.w.org\/{rel}","templated":true}]}}