{"id":1064,"date":"2014-10-16T14:30:57","date_gmt":"2014-10-16T12:30:57","guid":{"rendered":"https:\/\/poligrafiafabisiak.pl\/hovedside\/"},"modified":"2024-02-02T21:47:20","modified_gmt":"2024-02-02T20:47:20","slug":"hovedside","status":"publish","type":"page","link":"https:\/\/poligrafiafabisiak.pl\/no\/","title":{"rendered":"Hovedside"},"content":{"rendered":"<p>[vc_row full_width=&#8221;stretch_row_content_no_spaces&#8221; el_class=&#8221;pasek bgv-center bgh-center sekcja main-section&#8221; css=&#8221;.vc_custom_1615367316705{margin-bottom: 0px !important;background-position: center !important;background-repeat: no-repeat !important;background-size: cover !important;}&#8221;][vc_column css=&#8221;.vc_custom_1615368044712{padding-top: 30px !important;}&#8221;][vc_images_carousel images=&#8221;1116,1119,1122,1125&#8243; img_size=&#8221;full&#8221; onclick=&#8221;link_no&#8221; speed=&#8221;3000&#8243; autoplay=&#8221;yes&#8221; wrap=&#8221;yes&#8221;][\/vc_column][\/vc_row][vc_row content_placement=&#8221;middle&#8221; el_class=&#8221;pasek bgv-center bgh-center sekcja&#8221; css=&#8221;.vc_custom_1706896627080{margin-bottom: 0px !important;background-image: url(http:\/\/poligrafiafabisiak.pl\/wp-content\/uploads\/2014\/11\/DZIA2541.jpg?id=158) !important;}&#8221;][vc_column][vc_column_text]<\/p>\n<h1 style=\"text-align: center;\">OM SELSKAPET<\/h1>\n<h2 style=\"text-align: center;\"><a href=\"https:\/\/poligrafiafabisiak.pl\/no\/om-selskapet\/\">BLI KJENT MED OSS<\/a><\/h2>\n<p>[\/vc_column_text][\/vc_column][\/vc_row][vc_row content_placement=&#8221;middle&#8221; el_class=&#8221;pasek bgv-center bgh-center sekcja&#8221; css=&#8221;.vc_custom_1706896632781{margin-bottom: 0px !important;background-image: url(http:\/\/poligrafiafabisiak.pl\/wp-content\/uploads\/2014\/10\/bg3.jpg?id=36) !important;}&#8221;][vc_column][vc_column_text]<\/p>\n<h1 style=\"text-align: center;\">TILBUD<\/h1>\n<h2 style=\"text-align: center;\"><a href=\"https:\/\/poligrafiafabisiak.pl\/no\/tilbud\/\">SJEKK<\/a><\/h2>\n<p>[\/vc_column_text][\/vc_column][\/vc_row][vc_row content_placement=&#8221;middle&#8221; el_class=&#8221;pasek bgv-center bgh-center sekcja&#8221; css=&#8221;.vc_custom_1706896639293{margin-bottom: 0px !important;background-image: url(http:\/\/poligrafiafabisiak.pl\/wp-content\/uploads\/2014\/11\/DZIA2700.jpg?id=167) !important;}&#8221;][vc_column][vc_column_text]<\/p>\n<h1 style=\"text-align: center;\">TEKNOLOGIER<\/h1>\n<h2 style=\"text-align: center;\"><a href=\"https:\/\/poligrafiafabisiak.pl\/no\/teknologier\/\">SJEKK<\/a><\/h2>\n<p>[\/vc_column_text][\/vc_column][\/vc_row][vc_row content_placement=&#8221;middle&#8221; el_class=&#8221;pasek bgv-center bgh-center sekcja&#8221; css=&#8221;.vc_custom_1706896644065{margin-bottom: 0px !important;background-image: url(http:\/\/poligrafiafabisiak.pl\/wp-content\/uploads\/2014\/10\/bg51.jpg?id=127) !important;}&#8221;][vc_column][vc_column_text]<\/p>\n<h1 style=\"text-align: center;\">PROSJEKTER<\/h1>\n<h2 style=\"text-align: center;\"><a href=\"https:\/\/poligrafiafabisiak.pl\/no\/prosjekter\/\">SJEKK<\/a><\/h2>\n<p>[\/vc_column_text][\/vc_column][\/vc_row][vc_row content_placement=&#8221;middle&#8221; el_class=&#8221;pasek bgv-center bgh-center sekcja&#8221; css=&#8221;.vc_custom_1706896656979{margin-bottom: 0px !important;background-image: url(http:\/\/poligrafiafabisiak.pl\/wp-content\/uploads\/2014\/11\/DZIA2899.jpg?id=153) !important;}&#8221;][vc_column][vc_column_text]<\/p>\n<h1 style=\"text-align: center;\">KONTAKT<\/h1>\n<h2 style=\"text-align: center;\"><a href=\"https:\/\/poligrafiafabisiak.pl\/no\/kontakt\/\">RING OSS<\/a><\/h2>\n<p>[\/vc_column_text][\/vc_column][\/vc_row]<\/p>\n","protected":false},"excerpt":{"rendered":"<p>[vc_row full_width=&#8221;stretch_row_content_no_spaces&#8221; el_class=&#8221;pasek bgv-center bgh-center sekcja main-section&#8221; css=&#8221;.vc_custom_1615367316705{margin-bottom: 0px !important;background-position: center !important;background-repeat: no-repeat !important;background-size: cover !important;}&#8221;][vc_column css=&#8221;.vc_custom_1615368044712{padding-top: 30px !important;}&#8221;][vc_images_carousel images=&#8221;1116,1119,1122,1125&#8243; img_size=&#8221;full&#8221; onclick=&#8221;link_no&#8221; speed=&#8221;3000&#8243; autoplay=&#8221;yes&#8221; wrap=&#8221;yes&#8221;][\/vc_column][\/vc_row][vc_row content_placement=&#8221;middle&#8221; el_class=&#8221;pasek bgv-center bgh-center sekcja&#8221; css=&#8221;.vc_custom_1706896627080{margin-bottom: 0px !important;background-image: url(http:\/\/poligrafiafabisiak.pl\/wp-content\/uploads\/2014\/11\/DZIA2541.jpg?id=158) !important;}&#8221;][vc_column][vc_column_text] OM SELSKAPET BLI KJENT MED OSS [\/vc_column_text][\/vc_column][\/vc_row][vc_row content_placement=&#8221;middle&#8221; el_class=&#8221;pasek bgv-center bgh-center sekcja&#8221; css=&#8221;.vc_custom_1706896632781{margin-bottom: 0px !important;background-image: url(http:\/\/poligrafiafabisiak.pl\/wp-content\/uploads\/2014\/10\/bg3.jpg?id=36) !important;}&#8221;][vc_column][vc_column_text] TILBUD SJEKK [\/vc_column_text][\/vc_column][\/vc_row][vc_row&#8230;<\/p>\n","protected":false},"author":2,"featured_media":0,"parent":0,"menu_order":0,"comment_status":"open","ping_status":"open","template":"page-templates\/homepage.php","meta":[],"yoast_head":"<!-- This site is optimized with the Yoast SEO plugin v15.9 - https:\/\/yoast.com\/wordpress\/plugins\/seo\/ -->\n<meta name=\"description\" content=\"VI PRODUSERER PAPPEMBALLASJE \u00d8KOLOGISK \u00d8KONOMISK ESTETISK Trykkeri w Poznaniu, Pozna\u0144-Krzesiny, ul. Tarnowska 4, tel. 61 89 89 839.\" \/>\n<meta name=\"robots\" content=\"index, follow, max-snippet:-1, max-image-preview:large, max-video-preview:-1\" \/>\n<link rel=\"canonical\" href=\"https:\/\/poligrafiafabisiak.pl\/no\/\" \/>\n<meta property=\"og:locale\" content=\"nb_NO\" \/>\n<meta property=\"og:type\" content=\"article\" \/>\n<meta property=\"og:title\" content=\"Trykkeri Pozna\u0144 poligrafia - Poligrafia Fabisiak\" \/>\n<meta property=\"og:description\" content=\"VI PRODUSERER PAPPEMBALLASJE \u00d8KOLOGISK \u00d8KONOMISK ESTETISK Trykkeri w Poznaniu, Pozna\u0144-Krzesiny, ul. Tarnowska 4, tel. 61 89 89 839.\" \/>\n<meta property=\"og:url\" content=\"https:\/\/poligrafiafabisiak.pl\/no\/\" \/>\n<meta property=\"og:site_name\" content=\"Poligrafia Fabisiak\" \/>\n<meta property=\"article:modified_time\" content=\"2024-02-02T20:47:20+00:00\" \/>\n<meta name=\"twitter:label1\" content=\"Ansl. lesetid\">\n\t<meta name=\"twitter:data1\" content=\"1 minutt\">\n<script type=\"application\/ld+json\" class=\"yoast-schema-graph\">{\"@context\":\"https:\/\/schema.org\",\"@graph\":[{\"@type\":\"WebSite\",\"@id\":\"https:\/\/poligrafiafabisiak.pl\/#website\",\"url\":\"https:\/\/poligrafiafabisiak.pl\/\",\"name\":\"Poligrafia Fabisiak\",\"description\":\"drukarnia Pozna\\u0144 poligrafia - druk offsetowy i cyfrowy\",\"potentialAction\":[{\"@type\":\"SearchAction\",\"target\":\"https:\/\/poligrafiafabisiak.pl\/?s={search_term_string}\",\"query-input\":\"required name=search_term_string\"}],\"inLanguage\":\"nb-NO\"},{\"@type\":\"WebPage\",\"@id\":\"https:\/\/poligrafiafabisiak.pl\/no\/#webpage\",\"url\":\"https:\/\/poligrafiafabisiak.pl\/no\/\",\"name\":\"Trykkeri Pozna\\u0144 poligrafia - Poligrafia Fabisiak\",\"isPartOf\":{\"@id\":\"https:\/\/poligrafiafabisiak.pl\/#website\"},\"datePublished\":\"2014-10-16T12:30:57+00:00\",\"dateModified\":\"2024-02-02T20:47:20+00:00\",\"description\":\"VI PRODUSERER PAPPEMBALLASJE \\u00d8KOLOGISK \\u00d8KONOMISK ESTETISK Trykkeri w Poznaniu, Pozna\\u0144-Krzesiny, ul. Tarnowska 4, tel. 61 89 89 839.\",\"breadcrumb\":{\"@id\":\"https:\/\/poligrafiafabisiak.pl\/no\/#breadcrumb\"},\"inLanguage\":\"nb-NO\",\"potentialAction\":[{\"@type\":\"ReadAction\",\"target\":[\"https:\/\/poligrafiafabisiak.pl\/no\/\"]}]},{\"@type\":\"BreadcrumbList\",\"@id\":\"https:\/\/poligrafiafabisiak.pl\/no\/#breadcrumb\",\"itemListElement\":[{\"@type\":\"ListItem\",\"position\":1,\"item\":{\"@type\":\"WebPage\",\"@id\":\"https:\/\/poligrafiafabisiak.pl\/no\/\",\"url\":\"https:\/\/poligrafiafabisiak.pl\/no\/\",\"name\":\"Strona g\\u0142\\u00f3wna\"}},{\"@type\":\"ListItem\",\"position\":2,\"item\":{\"@type\":\"WebPage\",\"@id\":\"https:\/\/poligrafiafabisiak.pl\/no\/\",\"url\":\"https:\/\/poligrafiafabisiak.pl\/no\/\",\"name\":\"Hovedside\"}}]}]}<\/script>\n<!-- \/ Yoast SEO plugin. -->","_links":{"self":[{"href":"https:\/\/poligrafiafabisiak.pl\/no\/wp-json\/wp\/v2\/pages\/1064"}],"collection":[{"href":"https:\/\/poligrafiafabisiak.pl\/no\/wp-json\/wp\/v2\/pages"}],"about":[{"href":"https:\/\/poligrafiafabisiak.pl\/no\/wp-json\/wp\/v2\/types\/page"}],"author":[{"embeddable":true,"href":"https:\/\/poligrafiafabisiak.pl\/no\/wp-json\/wp\/v2\/users\/2"}],"replies":[{"embeddable":true,"href":"https:\/\/poligrafiafabisiak.pl\/no\/wp-json\/wp\/v2\/comments?post=1064"}],"version-history":[{"count":8,"href":"https:\/\/poligrafiafabisiak.pl\/no\/wp-json\/wp\/v2\/pages\/1064\/revisions"}],"predecessor-version":[{"id":1156,"href":"https:\/\/poligrafiafabisiak.pl\/no\/wp-json\/wp\/v2\/pages\/1064\/revisions\/1156"}],"wp:attachment":[{"href":"https:\/\/poligrafiafabisiak.pl\/no\/wp-json\/wp\/v2\/media?parent=1064"}],"curies":[{"name":"wp","href":"https:\/\/api.w.org\/{rel}","templated":true}]}}