{"id":1274,"date":"2014-11-26T12:59:14","date_gmt":"2014-11-26T11:59:14","guid":{"rendered":"https:\/\/poligrafiafabisiak.pl\/unsere-realisierungen\/"},"modified":"2026-04-27T14:36:35","modified_gmt":"2026-04-27T12:36:35","slug":"unsere-realisierungen","status":"publish","type":"page","link":"https:\/\/poligrafiafabisiak.pl\/de\/unsere-realisierungen\/","title":{"rendered":"UNSER VERPAKUNGEN"},"content":{"rendered":"<p>[vc_row css=&#8221;.vc_custom_1478692407171{margin-right: 0px !important;margin-left: 0px !important;}&#8221;][vc_column css=&#8221;.vc_custom_1478692615801{padding-right: 0px !important;padding-left: 0px !important;}&#8221;][vc_gallery type=&#8221;image_grid&#8221; images=&#8221;637,638,639,640,641,642,643,644,645,646,647,648,649,650,634,635,655,659,658,657,656,636,654,653,652,651&#8243; img_size=&#8221;full&#8221; onclick=&#8221;&#8221; el_class=&#8221;realisations__gallery&#8221;][vc_single_image image=&#8221;487&#8243; img_size=&#8221;full&#8221;][vc_single_image image=&#8221;488&#8243; img_size=&#8221;full&#8221;][vc_single_image image=&#8221;489&#8243; img_size=&#8221;full&#8221;][vc_single_image image=&#8221;490&#8243; img_size=&#8221;full&#8221;][vc_single_image image=&#8221;493&#8243; img_size=&#8221;full&#8221;][vc_single_image image=&#8221;494&#8243; img_size=&#8221;full&#8221;][vc_single_image image=&#8221;495&#8243; img_size=&#8221;full&#8221;][vc_single_image image=&#8221;498&#8243; img_size=&#8221;full&#8221;][vc_single_image image=&#8221;499&#8243; img_size=&#8221;full&#8221;][vc_single_image image=&#8221;500&#8243; img_size=&#8221;full&#8221;][vc_single_image image=&#8221;501&#8243; img_size=&#8221;full&#8221;][vc_single_image image=&#8221;503&#8243; img_size=&#8221;full&#8221;][vc_single_image image=&#8221;505&#8243; img_size=&#8221;full&#8221;][\/vc_column][\/vc_row][vc_row css=&#8221;.vc_custom_1478692421768{margin-right: 0px !important;margin-left: 0px !important;}&#8221;][vc_column][vc_column_text]<br \/>\nT-SCHODY PRODUKTBROSCH\u00dcRE<br \/>\nInnenteil: 200 g Seidenoffsetdruck, Umschlag: 300 g Curious Metallics Saphirpapier, Logo-Hei\u00dfpr\u00e4gung, Klammerheftung, gestanzte Ecken[\/vc_column_text][vc_single_image image=&#8221;151&#8243; img_size=&#8221;full&#8221;][vc_single_image image=&#8221;167&#8243; img_size=&#8221;full&#8221;][vc_single_image image=&#8221;168&#8243; img_size=&#8221;full&#8221;][\/vc_column][\/vc_row][vc_row css=&#8221;.vc_custom_1478692428752{margin-right: 0px !important;margin-left: 0px !important;}&#8221;][vc_column][vc_column_text]<br \/>\nPRODUKTBROSCH\u00dcRE<br \/>\nUmschlag: PANTONE-Offsetdruck auf 0,2 mm transparenter PET-GAG-Folie, Schriftzug gestanzt | Innenteil: CMYK-Offsetdruck + Hochglanz-Dispersionslack, 200 g Glanzpapier, Klammerheftung[\/vc_column_text][vc_single_image image=&#8221;152&#8243; img_size=&#8221;full&#8221;][vc_single_image image=&#8221;169&#8243; img_size=&#8221;full&#8221;][vc_single_image image=&#8221;170&#8243; img_size=&#8221;full&#8221;][vc_single_image image=&#8221;171&#8243; img_size=&#8221;full&#8221;][\/vc_column][\/vc_row][vc_row css=&#8221;.vc_custom_1478692435689{margin-right: 0px !important;margin-left: 0px !important;}&#8221;][vc_column][vc_column_text]<br \/>\nFaltblatt<br \/>\nCMYK+PANTONE 873 Offsetdruck, 300 g\/m\u00b2 Seidenpapier, 1+1 Soft-Touch-Folie, selektiver UV-Lack, Rillen[\/vc_column_text][vc_single_image image=&#8221;153&#8243; img_size=&#8221;full&#8221;][vc_single_image image=&#8221;173&#8243; img_size=&#8221;full&#8221;][vc_single_image image=&#8221;174&#8243; img_size=&#8221;full&#8221;][\/vc_column][\/vc_row][vc_row css=&#8221;.vc_custom_1478692452689{margin-right: 0px !important;margin-left: 0px !important;}&#8221;][vc_column][vc_column_text]<br \/>\nWerbebrosch\u00fcre<br \/>\nUmschlag: CMYK-Offsetdruck, 350 g Kreidepapier, 1+1 Soft-Touch-Folie, selektiver UV-Lack, Stanzung | Innenteil: CMYK-Offsetdruck + Glanzlack, 170 g Kreidepapier, Klammerheftung[\/vc_column_text][vc_single_image image=&#8221;154&#8243; img_size=&#8221;full&#8221;][vc_single_image image=&#8221;175&#8243; img_size=&#8221;full&#8221;][\/vc_column][\/vc_row][vc_row css=&#8221;.vc_custom_1478692459993{margin-right: 0px !important;margin-left: 0px !important;}&#8221;][vc_column][vc_column_text]<br \/>\nWerbemappen<br \/>\nOffsetdruck 5+5 CMYK+PANTONE 874 (CMYK auf PANTONE 874 gedruckt), innen gl\u00e4nzender Dispersionslack, au\u00dfen kratzfeste Folie, mattgoldenes Hei\u00dfpr\u00e4gelogo, gestanzt[\/vc_column_text][vc_single_image image=&#8221;223&#8243; img_size=&#8221;full&#8221;][vc_single_image image=&#8221;222&#8243; img_size=&#8221;full&#8221;][vc_single_image image=&#8221;224&#8243; img_size=&#8221;full&#8221;][\/vc_column][\/vc_row][vc_row css=&#8221;.vc_custom_1478692466833{margin-right: 0px !important;margin-left: 0px !important;}&#8221;][vc_column][vc_column_text]<br \/>\nWerbebrosch\u00fcre<br \/>\nUmschlag: 350 g\/m\u00b2 gl\u00e4nzend gestrichenes Papier, 1+0 Soft-Touch-Folie, durchgehend erhabene Pr\u00e4gung, silberfarbenes Hei\u00dfpr\u00e4gelogo | Innenseiten: 5+5 CMYK + PANTONE 877 Offsetdruck, 200 g\/m\u00b2 gl\u00e4nzend gestrichenes Papier, Hochglanz-Dispersionslackierung, geklebte Albumbindung[\/vc_column_text][vc_single_image image=&#8221;179&#8243; img_size=&#8221;full&#8221;][vc_single_image image=&#8221;183&#8243; img_size=&#8221;full&#8221;][vc_single_image image=&#8221;180&#8243; img_size=&#8221;full&#8221;][vc_single_image image=&#8221;181&#8243; img_size=&#8221;full&#8221;][vc_single_image image=&#8221;225&#8243; img_size=&#8221;full&#8221;][\/vc_column][\/vc_row][vc_row css=&#8221;.vc_custom_1478692473936{margin-right: 0px !important;margin-left: 0px !important;}&#8221;][vc_column][vc_column_text]<br \/>\nLB-KATALOG<br \/>\nUmschlag: PANTONE 485 Offsetdruck, 350 g Seidenkunstdruckpapier, Veredelung: 1+0 Soft-Touch-Folie, silbernes Hei\u00dfpr\u00e4gelogo | Innenteil: CMYK-Offsetdruck + Mattdispersionslack, 200 g Seidenkunstdruckpapier, Klebebindung, Ziernieten im Buchr\u00fccken[\/vc_column_text][vc_single_image image=&#8221;226&#8243; img_size=&#8221;full&#8221;][vc_single_image image=&#8221;186&#8243; img_size=&#8221;full&#8221;][\/vc_column][\/vc_row][vc_row css=&#8221;.vc_custom_1478692481680{margin-right: 0px !important;margin-left: 0px !important;}&#8221;][vc_column][vc_column_text]<br \/>\nGNB-JAHRESBERICHT<br \/>\nUmschlag: PANTONE 873+CMYK Offsetdruck, 150 g Kunstdruckpapier, kaschiert auf 2,5 mm starkem Vollkarton, matte, kratzfeste Folienveredelung + matte Gold-Hei\u00dfpr\u00e4gung; Innenteil: PANTONE+CMYK 8+8 Druck, 200 g Seiden-Kunstdruckpapier, gl\u00e4nzende Dispersionslackierung, fadengehefteter Hardcover-Einband; Verpackung: Stardream 280 g Antikgold-Papierumschlag, erhabene Pr\u00e4gung[\/vc_column_text][vc_single_image image=&#8221;189&#8243; img_size=&#8221;full&#8221;][vc_single_image image=&#8221;190&#8243; img_size=&#8221;full&#8221;][vc_single_image image=&#8221;191&#8243; img_size=&#8221;full&#8221;][\/vc_column][\/vc_row][vc_row css=&#8221;.vc_custom_1478692488584{margin-right: 0px !important;margin-left: 0px !important;}&#8221;][vc_column][vc_column_text]<br \/>\nIB-Ordner, Pantone-Druck<br \/>\n350 g Seidenpapier, matte Dispersionslackierung + selektiver UV-Lack, Stanzung[\/vc_column_text][vc_single_image image=&#8221;194&#8243; img_size=&#8221;full&#8221;][vc_single_image image=&#8221;193&#8243; img_size=&#8221;full&#8221;][vc_single_image image=&#8221;192&#8243; img_size=&#8221;full&#8221;][\/vc_column][\/vc_row][vc_row css=&#8221;.vc_custom_1478692494816{margin-right: 0px !important;margin-left: 0px !important;}&#8221;][vc_column][vc_column_text]<\/p>\n<h3>TECZKA OF<\/h3>\n<p><span style=\"color: #808080;\">druk PANTONE 877 , papier karton GC1 350 g, uszlachetnienie folia soft touch + hot-stamping w kolorze srebrnym, sztancowanie wg. wykrojnika<\/span>[\/vc_column_text][vc_single_image image=&#8221;195&#8243; img_size=&#8221;full&#8221;][vc_single_image image=&#8221;227&#8243; img_size=&#8221;full&#8221;][\/vc_column][\/vc_row][vc_row css=&#8221;.vc_custom_1478692501617{margin-right: 0px !important;margin-left: 0px !important;}&#8221;][vc_column][vc_column_text]<br \/>\nK\u00f6stliche Verpackung<br \/>\nCurious Metallics Lazurite 300g Papier, Silber-Hei\u00dfpr\u00e4gung, Stanzen, Formen und Falten[\/vc_column_text][vc_single_image image=&#8221;197&#8243; img_size=&#8221;full&#8221;][vc_single_image image=&#8221;198&#8243; img_size=&#8221;full&#8221;][\/vc_column][\/vc_row][vc_row css=&#8221;.vc_custom_1478692508303{margin-right: 0px !important;margin-left: 0px !important;}&#8221;][vc_column][vc_column_text]<br \/>\nEinladung LLC<br \/>\nOffsetdruck CMYK+877, 250 g Karton, schwarz beflockt, Veredelung: Mattfolie 0+1 + Blindpr\u00e4gung + Hei\u00dffolienpr\u00e4gung[\/vc_column_text][vc_single_image image=&#8221;228&#8243; img_size=&#8221;full&#8221;][vc_single_image image=&#8221;229&#8243; img_size=&#8221;full&#8221;][\/vc_column][\/vc_row]<\/p>\n","protected":false},"excerpt":{"rendered":"<p>[vc_row css=&#8221;.vc_custom_1478692407171{margin-right: 0px !important;margin-left: 0px !important;}&#8221;][vc_column css=&#8221;.vc_custom_1478692615801{padding-right: 0px !important;padding-left: 0px !important;}&#8221;][vc_gallery type=&#8221;image_grid&#8221; images=&#8221;637,638,639,640,641,642,643,644,645,646,647,648,649,650,634,635,655,659,658,657,656,636,654,653,652,651&#8243; img_size=&#8221;full&#8221; onclick=&#8221;&#8221; el_class=&#8221;realisations__gallery&#8221;][vc_single_image image=&#8221;487&#8243; img_size=&#8221;full&#8221;][vc_single_image image=&#8221;488&#8243; img_size=&#8221;full&#8221;][vc_single_image image=&#8221;489&#8243; img_size=&#8221;full&#8221;][vc_single_image image=&#8221;490&#8243; img_size=&#8221;full&#8221;][vc_single_image image=&#8221;493&#8243; img_size=&#8221;full&#8221;][vc_single_image image=&#8221;494&#8243; img_size=&#8221;full&#8221;][vc_single_image image=&#8221;495&#8243; img_size=&#8221;full&#8221;][vc_single_image image=&#8221;498&#8243; img_size=&#8221;full&#8221;][vc_single_image image=&#8221;499&#8243; img_size=&#8221;full&#8221;][vc_single_image image=&#8221;500&#8243; img_size=&#8221;full&#8221;][vc_single_image image=&#8221;501&#8243; img_size=&#8221;full&#8221;][vc_single_image image=&#8221;503&#8243; img_size=&#8221;full&#8221;][vc_single_image image=&#8221;505&#8243; img_size=&#8221;full&#8221;][\/vc_column][\/vc_row][vc_row css=&#8221;.vc_custom_1478692421768{margin-right: 0px !important;margin-left: 0px !important;}&#8221;][vc_column][vc_column_text] T-SCHODY PRODUKTBROSCH\u00dcRE Innenteil: 200 g Seidenoffsetdruck, Umschlag: 300&#8230;<\/p>\n","protected":false},"author":2,"featured_media":0,"parent":0,"menu_order":0,"comment_status":"closed","ping_status":"open","template":"page-templates\/realizations.php","meta":[],"yoast_head":"<!-- This site is optimized with the Yoast SEO plugin v15.9 - https:\/\/yoast.com\/wordpress\/plugins\/seo\/ -->\n<meta name=\"robots\" content=\"index, follow, max-snippet:-1, max-image-preview:large, max-video-preview:-1\" \/>\n<link rel=\"canonical\" href=\"https:\/\/poligrafiafabisiak.pl\/realizacje\/\" \/>\n<meta property=\"og:locale\" content=\"de_DE\" \/>\n<meta property=\"og:type\" content=\"article\" \/>\n<meta property=\"og:title\" content=\"UNSER VERPAKUNGEN - Poligrafia Fabisiak\" \/>\n<meta property=\"og:description\" content=\"[vc_row css=&#8221;.vc_custom_1478692407171{margin-right: 0px !important;margin-left: 0px !important;}&#8221;][vc_column css=&#8221;.vc_custom_1478692615801{padding-right: 0px !important;padding-left: 0px !important;}&#8221;][vc_gallery type=&#8221;image_grid&#8221; images=&#8221;637,638,639,640,641,642,643,644,645,646,647,648,649,650,634,635,655,659,658,657,656,636,654,653,652,651&#8243; img_size=&#8221;full&#8221; onclick=&#8221;&#8221; el_class=&#8221;realisations__gallery&#8221;][vc_single_image image=&#8221;487&#8243; img_size=&#8221;full&#8221;][vc_single_image image=&#8221;488&#8243; img_size=&#8221;full&#8221;][vc_single_image image=&#8221;489&#8243; img_size=&#8221;full&#8221;][vc_single_image image=&#8221;490&#8243; img_size=&#8221;full&#8221;][vc_single_image image=&#8221;493&#8243; img_size=&#8221;full&#8221;][vc_single_image image=&#8221;494&#8243; img_size=&#8221;full&#8221;][vc_single_image image=&#8221;495&#8243; img_size=&#8221;full&#8221;][vc_single_image image=&#8221;498&#8243; img_size=&#8221;full&#8221;][vc_single_image image=&#8221;499&#8243; img_size=&#8221;full&#8221;][vc_single_image image=&#8221;500&#8243; img_size=&#8221;full&#8221;][vc_single_image image=&#8221;501&#8243; img_size=&#8221;full&#8221;][vc_single_image image=&#8221;503&#8243; img_size=&#8221;full&#8221;][vc_single_image image=&#8221;505&#8243; img_size=&#8221;full&#8221;][\/vc_column][\/vc_row][vc_row css=&#8221;.vc_custom_1478692421768{margin-right: 0px !important;margin-left: 0px !important;}&#8221;][vc_column][vc_column_text] T-SCHODY PRODUKTBROSCH\u00dcRE Innenteil: 200 g Seidenoffsetdruck, Umschlag: 300...\" \/>\n<meta property=\"og:url\" content=\"https:\/\/poligrafiafabisiak.pl\/realizacje\/\" \/>\n<meta property=\"og:site_name\" content=\"Poligrafia Fabisiak\" \/>\n<meta property=\"article:modified_time\" content=\"2026-04-27T12:36:35+00:00\" \/>\n<meta name=\"twitter:label1\" content=\"Gesch\u00e4tzte Lesezeit\">\n\t<meta name=\"twitter:data1\" content=\"4\u00a0Minuten\">\n<script type=\"application\/ld+json\" class=\"yoast-schema-graph\">{\"@context\":\"https:\/\/schema.org\",\"@graph\":[{\"@type\":\"WebSite\",\"@id\":\"https:\/\/poligrafiafabisiak.pl\/#website\",\"url\":\"https:\/\/poligrafiafabisiak.pl\/\",\"name\":\"Poligrafia Fabisiak\",\"description\":\"drukarnia Pozna\\u0144 poligrafia - druk offsetowy i cyfrowy\",\"potentialAction\":[{\"@type\":\"SearchAction\",\"target\":\"https:\/\/poligrafiafabisiak.pl\/?s={search_term_string}\",\"query-input\":\"required name=search_term_string\"}],\"inLanguage\":\"de\"},{\"@type\":\"WebPage\",\"@id\":\"https:\/\/poligrafiafabisiak.pl\/realizacje\/#webpage\",\"url\":\"https:\/\/poligrafiafabisiak.pl\/realizacje\/\",\"name\":\"UNSER VERPAKUNGEN - Poligrafia Fabisiak\",\"isPartOf\":{\"@id\":\"https:\/\/poligrafiafabisiak.pl\/#website\"},\"datePublished\":\"2014-11-26T11:59:14+00:00\",\"dateModified\":\"2026-04-27T12:36:35+00:00\",\"breadcrumb\":{\"@id\":\"https:\/\/poligrafiafabisiak.pl\/realizacje\/#breadcrumb\"},\"inLanguage\":\"de\",\"potentialAction\":[{\"@type\":\"ReadAction\",\"target\":[\"https:\/\/poligrafiafabisiak.pl\/realizacje\/\"]}]},{\"@type\":\"BreadcrumbList\",\"@id\":\"https:\/\/poligrafiafabisiak.pl\/realizacje\/#breadcrumb\",\"itemListElement\":[{\"@type\":\"ListItem\",\"position\":1,\"item\":{\"@type\":\"WebPage\",\"@id\":\"https:\/\/poligrafiafabisiak.pl\/de\/\",\"url\":\"https:\/\/poligrafiafabisiak.pl\/de\/\",\"name\":\"Strona g\\u0142\\u00f3wna\"}},{\"@type\":\"ListItem\",\"position\":2,\"item\":{\"@type\":\"WebPage\",\"@id\":\"https:\/\/poligrafiafabisiak.pl\/realizacje\/\",\"url\":\"https:\/\/poligrafiafabisiak.pl\/realizacje\/\",\"name\":\"UNSER VERPAKUNGEN\"}}]}]}<\/script>\n<!-- \/ Yoast SEO plugin. -->","_links":{"self":[{"href":"https:\/\/poligrafiafabisiak.pl\/de\/wp-json\/wp\/v2\/pages\/1274"}],"collection":[{"href":"https:\/\/poligrafiafabisiak.pl\/de\/wp-json\/wp\/v2\/pages"}],"about":[{"href":"https:\/\/poligrafiafabisiak.pl\/de\/wp-json\/wp\/v2\/types\/page"}],"author":[{"embeddable":true,"href":"https:\/\/poligrafiafabisiak.pl\/de\/wp-json\/wp\/v2\/users\/2"}],"replies":[{"embeddable":true,"href":"https:\/\/poligrafiafabisiak.pl\/de\/wp-json\/wp\/v2\/comments?post=1274"}],"version-history":[{"count":5,"href":"https:\/\/poligrafiafabisiak.pl\/de\/wp-json\/wp\/v2\/pages\/1274\/revisions"}],"predecessor-version":[{"id":1419,"href":"https:\/\/poligrafiafabisiak.pl\/de\/wp-json\/wp\/v2\/pages\/1274\/revisions\/1419"}],"wp:attachment":[{"href":"https:\/\/poligrafiafabisiak.pl\/de\/wp-json\/wp\/v2\/media?parent=1274"}],"curies":[{"name":"wp","href":"https:\/\/api.w.org\/{rel}","templated":true}]}}