{"id":1271,"date":"2014-12-29T11:20:17","date_gmt":"2014-12-29T10:20:17","guid":{"rendered":"https:\/\/poligrafiafabisiak.pl\/kontakt\/"},"modified":"2026-04-30T10:45:38","modified_gmt":"2026-04-30T08:45:38","slug":"kontakt","status":"publish","type":"page","link":"https:\/\/poligrafiafabisiak.pl\/de\/kontakt\/","title":{"rendered":"Kontakt"},"content":{"rendered":"<p>[vc_row el_class=&#8221;pasek bgv-center bgh-center sekcja-kontakt&#8221; css=&#8221;.vc_custom_1413546770681{margin-bottom: 0px !important;background-image: url(http:\/\/poligrafiafabisiak.pl\/wp-content\/uploads\/2014\/10\/bg6.jpg?id=38) !important;}&#8221;][vc_column][vc_empty_space height=&#8221;80&#8243;][vc_column_text]<\/p>\n<h1>Kontakt<\/h1>\n<p>[\/vc_column_text][vc_empty_space height=&#8221;80&#8243;][vc_row_inner][vc_column_inner width=&#8221;2\/3&#8243; css=&#8221;.vc_custom_1421145440146{margin-bottom: 35px !important;}&#8221;][vc_column_text]<\/p>\n<h2>\u2261 <strong>Firmensitz \/ Adresse<\/strong><\/h2>\n<p>[\/vc_column_text][vc_column_text]<strong>POLIGRAFIA FABISIAK Sp. z o.o.<\/strong><br \/>\nul. Tarnowska 2b<br \/>\n61-323 Pozna\u0144 \u2013 Krzesiny | <em>Karte anzeigen<\/em><br \/>\nUSt-IdNr.: <strong>PL7822912914<\/strong><br \/>\n<strong>Amtsgericht Pozna\u0144 \u2013 Nowe Miasto i Wilda in Pozna\u0144,<br \/>\n8. Handelsabteilung des Landesgerichtsregisters (KRS)<\/strong><br \/>\nKRS-Nr.: <strong>0000982868<\/strong><br \/>\nStammkapital (voll eingezahlt): <strong>3.000.000 PLN<\/strong><br \/>\nBDO-Nr.: <strong>000577894<\/strong>[\/vc_column_text][vc_column_text]<strong><img loading=\"lazy\" class=\"alignnone size-full wp-image-77\" src=\"http:\/\/poligrafiafabisiak.pl\/wp-content\/uploads\/2014\/10\/geo.png\" alt=\"geo\" width=\"9\" height=\"13\" \/> Sekretariat<\/strong><\/p>\n<p>tel. +48 61 89 89 839<br \/>\ne-mail: <a href=\"mailto:biuro@poligrafiafabisiak.pl\">biuro@poligrafiafabisiak.pl<\/a><\/p>\n<p><strong><img loading=\"lazy\" class=\"alignnone size-full wp-image-77\" src=\"http:\/\/poligrafiafabisiak.pl\/wp-content\/uploads\/2014\/10\/geo.png\" alt=\"geo\" width=\"9\" height=\"13\" \/> Produktion<\/strong><\/p>\n<p>Tomasz Endler<br \/>\ntel. +48 690 104 119<br \/>\ne-mail: <a href=\"mailto:tomasz.endler@poligrafiafabisiak.pl\">tomasz.endler@poligrafiafabisiak.pl<\/a><\/p>\n<p><strong><img loading=\"lazy\" class=\"alignnone size-full wp-image-77\" src=\"http:\/\/poligrafiafabisiak.pl\/wp-content\/uploads\/2014\/10\/geo.png\" alt=\"geo\" width=\"9\" height=\"13\" \/> Verkaufsabteilung <\/strong><\/p>\n<p>Natalia Fabisiak-Szarek<br \/>\ntel.\u00a0+48 501 515 883<br \/>\nemail:\u00a0<a href=\"mailto:natalia@poligrafiafabisiak.pl\">natalia@poligrafiafabisiak.pl<\/a><\/p>\n<p>Mateusz Nowak<br \/>\ntel. +48 789 226 994<\/p>\n<p><strong><img loading=\"lazy\" class=\"alignnone size-full wp-image-77\" src=\"http:\/\/poligrafiafabisiak.pl\/wp-content\/uploads\/2014\/10\/geo.png\" alt=\"geo\" width=\"9\" height=\"13\" \/> PL\/EN<\/strong><\/p>\n<p>Ela Fabisiak<br \/>\nemail:\u00a0<a href=\"mailto:ela@poligrafiafabisiak.pl\">ela@poligrafiafabisiak.pl<\/a><br \/>\ntel. +48 506 088 419<\/p>\n<p><strong><img loading=\"lazy\" class=\"alignnone size-full wp-image-77\" src=\"http:\/\/poligrafiafabisiak.pl\/wp-content\/uploads\/2014\/10\/geo.png\" alt=\"geo\" width=\"9\" height=\"13\" \/> Buchhaltung <\/strong><\/p>\n<p>Martyna Janek<br \/>\nemail: <a href=\"mailto:martyna@poligrafiafabisiak.pl\">martyna@poligrafiafabisiak.pl<\/a><\/p>\n<p><strong><img loading=\"lazy\" class=\"alignnone size-full wp-image-77\" src=\"http:\/\/poligrafiafabisiak.pl\/wp-content\/uploads\/2014\/10\/geo.png\" alt=\"geo\" width=\"9\" height=\"13\" \/> B\u00fcroleitung <\/strong><\/p>\n<p>Ewelina Kardasz<br \/>\nemail: <a href=\"mailto:ewelina@poligrafiafabisiak.pl\">ewelina@poligrafiafabisiak.pl<\/a><\/p>\n<p><strong><img loading=\"lazy\" class=\"alignnone size-full wp-image-77\" src=\"http:\/\/poligrafiafabisiak.pl\/wp-content\/uploads\/2014\/10\/geo.png\" alt=\"geo\" width=\"9\" height=\"13\" \/> Gesch\u00e4ftsf\u00fchrung <\/strong><\/p>\n<p><strong>Pr\u00e4sident <\/strong>Robert Fabisiak<br \/>\nemail: <a href=\"mailto:robert.fabisiak@poligrafiafabisiak.pl\">robert.fabisiak@poligrafiafabisiak.pl<\/a><br \/>\nkom. 502 101 425<\/p>\n<div id=\"gtx-trans\" style=\"position: absolute; left: 100px; top: 227.562px;\"><\/div>\n<p>[\/vc_column_text][vc_column_text]<a href=\"http:\/\/poligrafiafabisiak.pl\/dane-techniczne-dla-grafikow\/\"><strong>Technische Daten f\u00fcr Grafiker<\/strong><\/a><\/p>\n<p><a href=\"http:\/\/poligrafiafabisiak.pl\/regulamin\/\"><strong>Gesch\u00e4ftsbedingungen <\/strong><\/a>[\/vc_column_text][\/vc_column_inner][vc_column_inner width=&#8221;1\/3&#8243;]<div role=\"form\" class=\"wpcf7\" id=\"wpcf7-f1347-o1\" lang=\"de-DE\" dir=\"ltr\">\n<div class=\"screen-reader-response\"><p role=\"status\" aria-live=\"polite\" aria-atomic=\"true\"><\/p> <ul><\/ul><\/div>\n<form action=\"\/de\/wp-json\/wp\/v2\/pages\/1271#wpcf7-f1347-o1\" method=\"post\" class=\"wpcf7-form init\" novalidate=\"novalidate\" data-status=\"init\">\n<div style=\"display: none;\">\n<input type=\"hidden\" name=\"_wpcf7\" value=\"1347\" \/>\n<input type=\"hidden\" name=\"_wpcf7_version\" value=\"5.4\" \/>\n<input type=\"hidden\" name=\"_wpcf7_locale\" value=\"de_DE\" \/>\n<input type=\"hidden\" name=\"_wpcf7_unit_tag\" value=\"wpcf7-f1347-o1\" \/>\n<input type=\"hidden\" name=\"_wpcf7_container_post\" value=\"0\" \/>\n<input type=\"hidden\" name=\"_wpcf7_posted_data_hash\" value=\"\" \/>\n<input type=\"hidden\" name=\"_wpcf7_recaptcha_response\" value=\"\" \/>\n<\/div>\n<p><span class=\"wpcf7-form-control-wrap your-name\"><input type=\"text\" name=\"your-name\" value=\"\" size=\"80\" class=\"wpcf7-form-control wpcf7-text wpcf7-validates-as-required\" aria-required=\"true\" aria-invalid=\"false\" placeholder=\"Name und Nachname\" \/><\/span> <\/p>\n<p><span class=\"wpcf7-form-control-wrap your-email\"><input type=\"email\" name=\"your-email\" value=\"\" size=\"80\" class=\"wpcf7-form-control wpcf7-text wpcf7-email wpcf7-validates-as-required wpcf7-validates-as-email\" aria-required=\"true\" aria-invalid=\"false\" placeholder=\"E-Mail-Adresse\" \/><\/span> <\/p>\n<p><span class=\"wpcf7-form-control-wrap your-subject\"><input type=\"text\" name=\"your-subject\" value=\"\" size=\"80\" class=\"wpcf7-form-control wpcf7-text\" aria-invalid=\"false\" placeholder=\"Betreff\" \/><\/span> <\/p>\n<p><span class=\"wpcf7-form-control-wrap your-message\"><textarea name=\"your-message\" cols=\"80\" rows=\"6\" class=\"wpcf7-form-control wpcf7-textarea\" aria-invalid=\"false\" placeholder=\"Nachricht\"><\/textarea><\/span> <\/p>\n<p class=\"form-field\" style=\"font-size: 12px; line-height: 1.3;\"><label><span class=\"wpcf7-form-control-wrap checkbox-426\"><span class=\"wpcf7-form-control wpcf7-checkbox wpcf7-validates-as-required\"><span class=\"wpcf7-list-item first last\"><input type=\"checkbox\" name=\"checkbox-426[]\" value=\"\" \/><span class=\"wpcf7-list-item-label\"><\/span><\/span><\/span><\/span>Ich willige in die Verarbeitung meiner personenbezogenen Daten im Zusammenhang mit der \u00dcbermittlung einer Anfrage \u00fcber das Kontaktformular ein. Die Angabe der Daten ist freiwillig, aber f\u00fcr die Bearbeitung und Beantwortung der Anfrage erforderlich. Die Daten werden so lange gespeichert, wie es f\u00fcr die Bearbeitung und Beantwortung der Anfrage notwendig ist. Die Datenverarbeitung erfolgt gem\u00e4\u00df den geltenden Datenschutzbestimmungen <a href=\"http:\/\/poligrafiafabisiak.pl\/polityka-prywatnosci\">Datenschutzrichtlinie.<\/a><\/label><\/p>\n<p class=\"right\"><input type=\"submit\" value=\"SCHICKEN\" class=\"wpcf7-form-control wpcf7-submit\" \/><\/p>\n<div class=\"wpcf7-response-output\" aria-hidden=\"true\"><\/div><\/form><\/div>[\/vc_column_inner][\/vc_row_inner][vc_empty_space height=&#8221;45&#8243;][\/vc_column][\/vc_row]<\/p>\n","protected":false},"excerpt":{"rendered":"<p>[vc_row el_class=&#8221;pasek bgv-center bgh-center sekcja-kontakt&#8221; css=&#8221;.vc_custom_1413546770681{margin-bottom: 0px !important;background-image: url(http:\/\/poligrafiafabisiak.pl\/wp-content\/uploads\/2014\/10\/bg6.jpg?id=38) !important;}&#8221;][vc_column][vc_empty_space height=&#8221;80&#8243;][vc_column_text] Kontakt [\/vc_column_text][vc_empty_space height=&#8221;80&#8243;][vc_row_inner][vc_column_inner width=&#8221;2\/3&#8243; css=&#8221;.vc_custom_1421145440146{margin-bottom: 35px !important;}&#8221;][vc_column_text] \u2261 Firmensitz \/ Adresse [\/vc_column_text][vc_column_text]POLIGRAFIA FABISIAK Sp. z o.o. ul. Tarnowska 2b 61-323 Pozna\u0144 \u2013 Krzesiny | Karte anzeigen USt-IdNr.: PL7822912914 Amtsgericht Pozna\u0144 \u2013 Nowe Miasto i Wilda in Pozna\u0144, 8. Handelsabteilung des Landesgerichtsregisters (KRS) KRS-Nr.: 0000982868&#8230;<\/p>\n","protected":false},"author":2,"featured_media":0,"parent":0,"menu_order":0,"comment_status":"closed","ping_status":"open","template":"page-templates\/fullpage.php","meta":[],"yoast_head":"<!-- This site is optimized with the Yoast SEO plugin v15.9 - https:\/\/yoast.com\/wordpress\/plugins\/seo\/ -->\n<meta name=\"robots\" content=\"index, follow, max-snippet:-1, max-image-preview:large, max-video-preview:-1\" \/>\n<link rel=\"canonical\" href=\"https:\/\/poligrafiafabisiak.pl\/de\/kontakt\/\" \/>\n<meta property=\"og:locale\" content=\"de_DE\" \/>\n<meta property=\"og:type\" content=\"article\" \/>\n<meta property=\"og:title\" content=\"Kontakt - Poligrafia Fabisiak\" \/>\n<meta property=\"og:description\" content=\"[vc_row el_class=&#8221;pasek bgv-center bgh-center sekcja-kontakt&#8221; css=&#8221;.vc_custom_1413546770681{margin-bottom: 0px !important;background-image: url(http:\/\/poligrafiafabisiak.pl\/wp-content\/uploads\/2014\/10\/bg6.jpg?id=38) !important;}&#8221;][vc_column][vc_empty_space height=&#8221;80&#8243;][vc_column_text] Kontakt [\/vc_column_text][vc_empty_space height=&#8221;80&#8243;][vc_row_inner][vc_column_inner width=&#8221;2\/3&#8243; css=&#8221;.vc_custom_1421145440146{margin-bottom: 35px !important;}&#8221;][vc_column_text] \u2261 Firmensitz \/ Adresse [\/vc_column_text][vc_column_text]POLIGRAFIA FABISIAK Sp. z o.o. ul. Tarnowska 2b 61-323 Pozna\u0144 \u2013 Krzesiny | Karte anzeigen USt-IdNr.: PL7822912914 Amtsgericht Pozna\u0144 \u2013 Nowe Miasto i Wilda in Pozna\u0144, 8. Handelsabteilung des Landesgerichtsregisters (KRS) KRS-Nr.: 0000982868...\" \/>\n<meta property=\"og:url\" content=\"https:\/\/poligrafiafabisiak.pl\/de\/kontakt\/\" \/>\n<meta property=\"og:site_name\" content=\"Poligrafia Fabisiak\" \/>\n<meta property=\"article:modified_time\" content=\"2026-04-30T08:45:38+00:00\" \/>\n<meta property=\"og:image\" content=\"http:\/\/poligrafiafabisiak.pl\/wp-content\/uploads\/2014\/10\/geo.png\" \/>\n<meta name=\"twitter:label1\" content=\"Gesch\u00e4tzte Lesezeit\">\n\t<meta name=\"twitter:data1\" content=\"3\u00a0Minuten\">\n<script type=\"application\/ld+json\" class=\"yoast-schema-graph\">{\"@context\":\"https:\/\/schema.org\",\"@graph\":[{\"@type\":\"WebSite\",\"@id\":\"https:\/\/poligrafiafabisiak.pl\/#website\",\"url\":\"https:\/\/poligrafiafabisiak.pl\/\",\"name\":\"Poligrafia Fabisiak\",\"description\":\"drukarnia Pozna\\u0144 poligrafia - druk offsetowy i cyfrowy\",\"potentialAction\":[{\"@type\":\"SearchAction\",\"target\":\"https:\/\/poligrafiafabisiak.pl\/?s={search_term_string}\",\"query-input\":\"required name=search_term_string\"}],\"inLanguage\":\"de\"},{\"@type\":\"ImageObject\",\"@id\":\"https:\/\/poligrafiafabisiak.pl\/de\/kontakt\/#primaryimage\",\"inLanguage\":\"de\",\"url\":\"http:\/\/poligrafiafabisiak.pl\/wp-content\/uploads\/2014\/10\/geo.png\"},{\"@type\":\"WebPage\",\"@id\":\"https:\/\/poligrafiafabisiak.pl\/de\/kontakt\/#webpage\",\"url\":\"https:\/\/poligrafiafabisiak.pl\/de\/kontakt\/\",\"name\":\"Kontakt - Poligrafia Fabisiak\",\"isPartOf\":{\"@id\":\"https:\/\/poligrafiafabisiak.pl\/#website\"},\"primaryImageOfPage\":{\"@id\":\"https:\/\/poligrafiafabisiak.pl\/de\/kontakt\/#primaryimage\"},\"datePublished\":\"2014-12-29T10:20:17+00:00\",\"dateModified\":\"2026-04-30T08:45:38+00:00\",\"breadcrumb\":{\"@id\":\"https:\/\/poligrafiafabisiak.pl\/de\/kontakt\/#breadcrumb\"},\"inLanguage\":\"de\",\"potentialAction\":[{\"@type\":\"ReadAction\",\"target\":[\"https:\/\/poligrafiafabisiak.pl\/de\/kontakt\/\"]}]},{\"@type\":\"BreadcrumbList\",\"@id\":\"https:\/\/poligrafiafabisiak.pl\/de\/kontakt\/#breadcrumb\",\"itemListElement\":[{\"@type\":\"ListItem\",\"position\":1,\"item\":{\"@type\":\"WebPage\",\"@id\":\"https:\/\/poligrafiafabisiak.pl\/de\/\",\"url\":\"https:\/\/poligrafiafabisiak.pl\/de\/\",\"name\":\"Strona g\\u0142\\u00f3wna\"}},{\"@type\":\"ListItem\",\"position\":2,\"item\":{\"@type\":\"WebPage\",\"@id\":\"https:\/\/poligrafiafabisiak.pl\/de\/kontakt\/\",\"url\":\"https:\/\/poligrafiafabisiak.pl\/de\/kontakt\/\",\"name\":\"Kontakt\"}}]}]}<\/script>\n<!-- \/ Yoast SEO plugin. -->","_links":{"self":[{"href":"https:\/\/poligrafiafabisiak.pl\/de\/wp-json\/wp\/v2\/pages\/1271"}],"collection":[{"href":"https:\/\/poligrafiafabisiak.pl\/de\/wp-json\/wp\/v2\/pages"}],"about":[{"href":"https:\/\/poligrafiafabisiak.pl\/de\/wp-json\/wp\/v2\/types\/page"}],"author":[{"embeddable":true,"href":"https:\/\/poligrafiafabisiak.pl\/de\/wp-json\/wp\/v2\/users\/2"}],"replies":[{"embeddable":true,"href":"https:\/\/poligrafiafabisiak.pl\/de\/wp-json\/wp\/v2\/comments?post=1271"}],"version-history":[{"count":4,"href":"https:\/\/poligrafiafabisiak.pl\/de\/wp-json\/wp\/v2\/pages\/1271\/revisions"}],"predecessor-version":[{"id":1425,"href":"https:\/\/poligrafiafabisiak.pl\/de\/wp-json\/wp\/v2\/pages\/1271\/revisions\/1425"}],"wp:attachment":[{"href":"https:\/\/poligrafiafabisiak.pl\/de\/wp-json\/wp\/v2\/media?parent=1271"}],"curies":[{"name":"wp","href":"https:\/\/api.w.org\/{rel}","templated":true}]}}