{"id":1268,"date":"2014-12-29T11:18:10","date_gmt":"2014-12-29T10:18:10","guid":{"rendered":"https:\/\/poligrafiafabisiak.pl\/technologien\/"},"modified":"2025-11-18T15:06:40","modified_gmt":"2025-11-18T14:06:40","slug":"technologien","status":"publish","type":"page","link":"https:\/\/poligrafiafabisiak.pl\/de\/technologien\/","title":{"rendered":"TECHNOLOGIEN"},"content":{"rendered":"<p>[vc_row css=&#8221;.vc_custom_1413546763880{margin-bottom: 0px !important;background-image: url(http:\/\/poligrafiafabisiak.pl\/wp-content\/uploads\/2014\/10\/bg5.jpg?id=37) !important;}&#8221; el_class=&#8221;pasek bgv-center bgh-center sekcja-technologie&#8221;][vc_column][vc_empty_space height=&#8221;80&#8243;][vc_column_text]<\/p>\n<h1>TECHNOLOGIEN<\/h1>\n<p>[\/vc_column_text][vc_empty_space height=&#8221;80&#8243;][vc_row_inner][vc_column_inner width=&#8221;1\/2&#8243;][vc_column_text el_class=&#8221;home-technologie-1&#8243;]<br \/>\n<strong>PREPRESS<\/strong><\/p>\n<ul>\n<li>Vollautomatische CTP-Belichtungsanlage Kodak Achieve T800, die mit thermischer Technologie auf prozessfreien Druckplatten arbeitet \u2013 \u00d6KOLOGISCHE UND CHEMIEFREIE BELICHTUNG DER DRUCKPLATTEN.<\/li>\n<\/ul>\n<p>[\/vc_column_text][vc_column_text el_class=&#8221;home-technologie-2&#8243;]<br \/>\n<strong>PRESS<\/strong><\/p>\n<ul>\n<li>KBA RAPIDA 75 PRO \u2013 Format 740 \u00d7 590 mm, 5 Farben: CMYK + Pantone + Dispersionslack, maximale Geschwindigkeit 15.000 B\u00f6gen pro Stunde.<br \/>\nDruckmaschine mit ErgoTronic ColorDrive \u2013 automatischer Farbdichtemessung, QualiTronic ColorControl \u2013 dynamische automatische Inline-Farbkontrolle und -Regulierung.<br \/>\nEffekte: Drip-off, Soft Touch, High Gloss, Ultra Matt.<\/li>\n<li>KBA RAPIDA 75 \u2013 Format 740 \u00d7 510 mm, 4 Farben, CMYK + Dispersionslack, maximale Geschwindigkeit 15.000 B\u00f6gen pro Stunde.<\/li>\n<li>Konica Minolta Accurio Press \u2013 Farbdruck bis zum Format 330 \u00d7 487 mm.<\/li>\n<li>Konica Minolta Accurio Press \u2013 Schwarzwei\u00dfdruck bis zum Format 330 \u00d7 650 mm.<\/li>\n<li>Proofingsystem EPSON SureColor SC-P5000 VIOLET Spectro \u2013 mit EFI Fiery XF 6.4 Controller, Proofing gem\u00e4\u00df ISO-Standard Version 3 FOGRA 52.<\/li>\n<li>Sakurai \u2013 Format 720 \u00d7 520 mm, Beidseitiger Druck in einem Durchgang, Druckgeschwindigkeit 12.000 B\u00f6gen pro Stunde.<\/li>\n<li>Konica Minolta Accurio Press 6136P \u2013 Schwarzwei\u00dfdruck, erweitert unsere Produktionskapazit\u00e4ten im Digitaldruckbereich auf bis zu 300.000 B\u00f6gen pro Tag.<\/li>\n<li>Canon TITAN 6180 \u2013 Schwarzwei\u00dfdruck, das f\u00fcnfte Digitaldrucksystem, das unsere Produktionsm\u00f6glichkeiten auf bis zu 400.000 B\u00f6gen pro Tag erh\u00f6ht.<\/li>\n<\/ul>\n<p>[\/vc_column_text][\/vc_column_inner][vc_column_inner width=&#8221;1\/2&#8243;][vc_column_text el_class=&#8221;home-technologie-3&#8243;]<br \/>\n<strong>\u00a0<\/strong><strong>POSTPRESS<\/strong><\/p>\n<ul>\n<li>Drei Falz- und Klebemaschinen f\u00fcr Kartonverpackungen mit der M\u00f6glichkeit, bis zu acht Klebepunkte zu setzen, ausgestattet mit Plasmaaktivierung und Barcode-Leseger\u00e4t.<\/li>\n<li>Falz- und Klebemaschine mit Funktion zur Formung von Kartontrays \/ Falz- und Klebemaschine \/ Traymaker.<\/li>\n<li>Klebstoff- und Papierstreifenapplikator (mit Silikonbeschichtung) f\u00fcr E-Commerce-Verpackungen, ausgestattet mit vier Klebed\u00fcsen mit einer Auftragsbreite von 2 bis 30 mm sowie zwei separat gesteuerten Klebstoffkesseln, die den gleichzeitigen Einsatz verschiedener Klebstofftypen, einschlie\u00dflich dauerhaft haftender Kleber, erm\u00f6glichen.<\/li>\n<li>Vollautomatische Maschine zur Herstellung von Papierf\u00fcllmaterial f\u00fcr E-Commerce-Verpackungen.<\/li>\n<li>Automatische Anlage zur Separation von Kartonverpackungen aus Plano-B\u00f6gen.<\/li>\n<li>Vollautomatische Klebebindemaschine Horizon BQ 470 PUR\/EVA, bei der eine gesundheitsfreundliche Mikroemissionstechnologie f\u00fcr PUR-Klebstoff eingesetzt wird.<\/li>\n<li>Vollautomatische Kaschiermaschine mit Gelatinekleber, optische Passersteuerung mit einer Genauigkeit von bis zu 0,5 mm, Format 700 \u00d7 1000 mm, Geschwindigkeit bis zu 1.600 B\u00f6gen pro Stunde.<\/li>\n<li>Drei computergesteuerte Schneidemaschinen (Gillotinen) der Marken POLAR und Perfecta, mit einer Schnittbreite von bis zu 115 cm.<\/li>\n<li>Automatische Foliier- \/ Laminiermaschine.<\/li>\n<li>Drei automatische Falzmaschinen HEIDELBERG Stahlfolder und Horizon AFC 566F, die bis zu sechs parallele Falzungen sowie zwei rechtwinklige Kreuzbr\u00fcche (Kassettenfalz) und zwei Messerfalze ausf\u00fchren k\u00f6nnen \u2013 ideal zur Herstellung komplexer Bedienungsanleitungen und Werbematerialien unterschiedlicher Art.<\/li>\n<li>Pharmazeutische Falzmaschine f\u00fcr Mikrofalze ab 15 mm.<\/li>\n<li>Zwei industrielle Bindemaschinen der Marke JAMES BURN.<\/li>\n<li>Stanzmaschine (Tiegeldruck) f\u00fcr den A1-Formatbereich.<\/li>\n<li>Zwei automatische Stanzmaschinen mit Separationsstation.<\/li>\n<li>Vier Brosch\u00fcrenfertigungslinien der Marke Duplo, Modelle 5000, i600 und i700, mit R\u00fcckenformmodul (zur Simulation einer Klebebindung) und Dreimessereinheit.<\/li>\n<li>Halbautomatische Hei\u00dfpr\u00e4gemaschine (Hot Stamping) im A1-Format.<\/li>\n<li>Halbautomatische Spiralbindemaschine RENZ mit Aufh\u00e4ngerzuf\u00fchrung, bis zu einer Breite von 530 mm.<\/li>\n<li>Vollautomatische Rill- und Falzmaschine MULTIGRAF CF 375.<\/li>\n<li>Schneide- und Rillplotter mit automatischer Bogenanlage und optischer Passersteuerung, Format B2+.<\/li>\n<\/ul>\n<p>[\/vc_column_text][\/vc_column_inner][\/vc_row_inner][vc_empty_space height=&#8221;80&#8243;][\/vc_column][\/vc_row]<\/p>\n","protected":false},"excerpt":{"rendered":"<p>[vc_row css=&#8221;.vc_custom_1413546763880{margin-bottom: 0px !important;background-image: url(http:\/\/poligrafiafabisiak.pl\/wp-content\/uploads\/2014\/10\/bg5.jpg?id=37) !important;}&#8221; el_class=&#8221;pasek bgv-center bgh-center sekcja-technologie&#8221;][vc_column][vc_empty_space height=&#8221;80&#8243;][vc_column_text] TECHNOLOGIEN [\/vc_column_text][vc_empty_space height=&#8221;80&#8243;][vc_row_inner][vc_column_inner width=&#8221;1\/2&#8243;][vc_column_text el_class=&#8221;home-technologie-1&#8243;] PREPRESS Vollautomatische CTP-Belichtungsanlage Kodak Achieve T800, die mit thermischer Technologie auf prozessfreien Druckplatten arbeitet \u2013 \u00d6KOLOGISCHE UND CHEMIEFREIE BELICHTUNG DER DRUCKPLATTEN. [\/vc_column_text][vc_column_text el_class=&#8221;home-technologie-2&#8243;] PRESS KBA RAPIDA 75 PRO \u2013 Format 740 \u00d7 590 mm, 5 Farben: CMYK + Pantone&#8230;<\/p>\n","protected":false},"author":2,"featured_media":0,"parent":0,"menu_order":0,"comment_status":"closed","ping_status":"open","template":"page-templates\/fullpage.php","meta":[],"yoast_head":"<!-- This site is optimized with the Yoast SEO plugin v15.9 - https:\/\/yoast.com\/wordpress\/plugins\/seo\/ -->\n<meta name=\"robots\" content=\"index, follow, max-snippet:-1, max-image-preview:large, max-video-preview:-1\" \/>\n<link rel=\"canonical\" href=\"https:\/\/poligrafiafabisiak.pl\/technologie\/\" \/>\n<meta property=\"og:locale\" content=\"de_DE\" \/>\n<meta property=\"og:type\" content=\"article\" \/>\n<meta property=\"og:title\" content=\"TECHNOLOGIEN - Poligrafia Fabisiak\" \/>\n<meta property=\"og:description\" content=\"[vc_row css=&#8221;.vc_custom_1413546763880{margin-bottom: 0px !important;background-image: url(http:\/\/poligrafiafabisiak.pl\/wp-content\/uploads\/2014\/10\/bg5.jpg?id=37) !important;}&#8221; el_class=&#8221;pasek bgv-center bgh-center sekcja-technologie&#8221;][vc_column][vc_empty_space height=&#8221;80&#8243;][vc_column_text] TECHNOLOGIEN [\/vc_column_text][vc_empty_space height=&#8221;80&#8243;][vc_row_inner][vc_column_inner width=&#8221;1\/2&#8243;][vc_column_text el_class=&#8221;home-technologie-1&#8243;] PREPRESS Vollautomatische CTP-Belichtungsanlage Kodak Achieve T800, die mit thermischer Technologie auf prozessfreien Druckplatten arbeitet \u2013 \u00d6KOLOGISCHE UND CHEMIEFREIE BELICHTUNG DER DRUCKPLATTEN. [\/vc_column_text][vc_column_text el_class=&#8221;home-technologie-2&#8243;] PRESS KBA RAPIDA 75 PRO \u2013 Format 740 \u00d7 590 mm, 5 Farben: CMYK + Pantone...\" \/>\n<meta property=\"og:url\" content=\"https:\/\/poligrafiafabisiak.pl\/technologie\/\" \/>\n<meta property=\"og:site_name\" content=\"Poligrafia Fabisiak\" \/>\n<meta property=\"article:modified_time\" content=\"2025-11-18T14:06:40+00:00\" \/>\n<meta name=\"twitter:label1\" content=\"Gesch\u00e4tzte Lesezeit\">\n\t<meta name=\"twitter:data1\" content=\"3\u00a0Minuten\">\n<script type=\"application\/ld+json\" class=\"yoast-schema-graph\">{\"@context\":\"https:\/\/schema.org\",\"@graph\":[{\"@type\":\"WebSite\",\"@id\":\"https:\/\/poligrafiafabisiak.pl\/#website\",\"url\":\"https:\/\/poligrafiafabisiak.pl\/\",\"name\":\"Poligrafia Fabisiak\",\"description\":\"drukarnia Pozna\\u0144 poligrafia - druk offsetowy i cyfrowy\",\"potentialAction\":[{\"@type\":\"SearchAction\",\"target\":\"https:\/\/poligrafiafabisiak.pl\/?s={search_term_string}\",\"query-input\":\"required name=search_term_string\"}],\"inLanguage\":\"de\"},{\"@type\":\"WebPage\",\"@id\":\"https:\/\/poligrafiafabisiak.pl\/technologie\/#webpage\",\"url\":\"https:\/\/poligrafiafabisiak.pl\/technologie\/\",\"name\":\"TECHNOLOGIEN - Poligrafia Fabisiak\",\"isPartOf\":{\"@id\":\"https:\/\/poligrafiafabisiak.pl\/#website\"},\"datePublished\":\"2014-12-29T10:18:10+00:00\",\"dateModified\":\"2025-11-18T14:06:40+00:00\",\"breadcrumb\":{\"@id\":\"https:\/\/poligrafiafabisiak.pl\/technologie\/#breadcrumb\"},\"inLanguage\":\"de\",\"potentialAction\":[{\"@type\":\"ReadAction\",\"target\":[\"https:\/\/poligrafiafabisiak.pl\/technologie\/\"]}]},{\"@type\":\"BreadcrumbList\",\"@id\":\"https:\/\/poligrafiafabisiak.pl\/technologie\/#breadcrumb\",\"itemListElement\":[{\"@type\":\"ListItem\",\"position\":1,\"item\":{\"@type\":\"WebPage\",\"@id\":\"https:\/\/poligrafiafabisiak.pl\/de\/\",\"url\":\"https:\/\/poligrafiafabisiak.pl\/de\/\",\"name\":\"Strona g\\u0142\\u00f3wna\"}},{\"@type\":\"ListItem\",\"position\":2,\"item\":{\"@type\":\"WebPage\",\"@id\":\"https:\/\/poligrafiafabisiak.pl\/technologie\/\",\"url\":\"https:\/\/poligrafiafabisiak.pl\/technologie\/\",\"name\":\"TECHNOLOGIEN\"}}]}]}<\/script>\n<!-- \/ Yoast SEO plugin. -->","_links":{"self":[{"href":"https:\/\/poligrafiafabisiak.pl\/de\/wp-json\/wp\/v2\/pages\/1268"}],"collection":[{"href":"https:\/\/poligrafiafabisiak.pl\/de\/wp-json\/wp\/v2\/pages"}],"about":[{"href":"https:\/\/poligrafiafabisiak.pl\/de\/wp-json\/wp\/v2\/types\/page"}],"author":[{"embeddable":true,"href":"https:\/\/poligrafiafabisiak.pl\/de\/wp-json\/wp\/v2\/users\/2"}],"replies":[{"embeddable":true,"href":"https:\/\/poligrafiafabisiak.pl\/de\/wp-json\/wp\/v2\/comments?post=1268"}],"version-history":[{"count":2,"href":"https:\/\/poligrafiafabisiak.pl\/de\/wp-json\/wp\/v2\/pages\/1268\/revisions"}],"predecessor-version":[{"id":1270,"href":"https:\/\/poligrafiafabisiak.pl\/de\/wp-json\/wp\/v2\/pages\/1268\/revisions\/1270"}],"wp:attachment":[{"href":"https:\/\/poligrafiafabisiak.pl\/de\/wp-json\/wp\/v2\/media?parent=1268"}],"curies":[{"name":"wp","href":"https:\/\/api.w.org\/{rel}","templated":true}]}}