{"id":1259,"date":"2014-12-29T11:17:34","date_gmt":"2014-12-29T10:17:34","guid":{"rendered":"https:\/\/poligrafiafabisiak.pl\/angebot\/"},"modified":"2025-11-18T15:14:07","modified_gmt":"2025-11-18T14:14:07","slug":"angebot","status":"publish","type":"page","link":"https:\/\/poligrafiafabisiak.pl\/de\/angebot\/","title":{"rendered":"ANGEBOT"},"content":{"rendered":"<p>[vc_row el_class=&#8221;pasek bgv-center bgh-center sekcja-oferta&#8221; css=&#8221;.vc_custom_1413546755456{margin-bottom: 0px !important;background-image: url(http:\/\/poligrafiafabisiak.pl\/wp-content\/uploads\/2014\/10\/bg3.jpg?id=36) !important;}&#8221;][vc_column][vc_empty_space height=&#8221;40&#8243;][vc_column_text]<\/p>\n<h1>ANGEBOT<\/h1>\n<p>[\/vc_column_text][vc_empty_space height=&#8221;30&#8243;][vc_row_inner el_class=&#8221;oferta-border&#8221;][vc_column_inner width=&#8221;1\/4&#8243;][vc_column_text]<\/p>\n<h2>\u2261<strong>DRUCKEREI<\/strong><\/h2>\n<p>[\/vc_column_text][vc_column_text]<\/p>\n<ul>\n<li><strong>Kartonverpackungen<\/strong><\/li>\n<li><strong>Mehrfarbige Verpackungen<\/strong><\/li>\n<li><strong>Umweltfreundliche Kartonverpackungen<\/strong><\/li>\n<li>E-Commerce-Kartonagen<\/li>\n<li>Kartons mit Aufdruck<\/li>\n<li>Weinkartons<\/li>\n<li>Einzelverpackungen aus Vollpappe<\/li>\n<li>Einzelverpackungen aus kaschierter Pappe<\/li>\n<\/ul>\n<p>[\/vc_column_text][\/vc_column_inner][vc_column_inner width=&#8221;1\/4&#8243; css=&#8221;.vc_custom_1421150205006{margin-right: 35px !important;margin-bottom: 35px !important;margin-left: -35px !important;}&#8221;][vc_empty_space height=&#8221;80&#8243; el_class=&#8221;desktop&#8221;][vc_column_text]<\/p>\n<ul>\n<li><strong>Kartonverpackungen mit biologisch abbaubarer Folie<\/strong><\/li>\n<li><strong>Kartonverpackungen mit kompostierbarer Folie<\/strong><\/li>\n<li><strong>Bedienungsanleitungen, technische Datenbl\u00e4tter<\/strong><\/li>\n<li><strong>Garantiekarten<\/strong><\/li>\n<li><strong>Selbstklebende Etiketten<\/strong><\/li>\n<\/ul>\n<p>[\/vc_column_text][\/vc_column_inner][vc_column_inner width=&#8221;1\/2&#8243;][vc_column_text]<\/p>\n<h2>\u2261 <strong>BUCHBINDEREI <\/strong><\/h2>\n<p>[\/vc_column_text][vc_column_text]<\/p>\n<ul>\n<li>Pr\u00e4gung<\/li>\n<li>Hei\u00dffolienpr\u00e4gung (Hot-Stamping)<\/li>\n<li>Kaschierung<\/li>\n<li>Stanzen<\/li>\n<li>Mehrpunkt-Klebung von Kartonverpackungen<\/li>\n<li>Falzen<\/li>\n<li>Folienkaschierung<\/li>\n<li>Schneiden<\/li>\n<li>Lackierung<\/li>\n<li>R\u00fcckstichheftung (Drahtheftung)<\/li>\n<li>Klebebindung (Softcover)<\/li>\n<li>Spiralbindung<\/li>\n<li>Konfektionierung<\/li>\n<li>Schrumpfverpackung<\/li>\n<\/ul>\n<p>[\/vc_column_text][\/vc_column_inner][\/vc_row_inner][vc_empty_space height=&#8221;20&#8243;][vc_row_inner][vc_column_inner width=&#8221;1\/5&#8243;][vc_column_text]<a href=\"https:\/\/poligrafiafabisiak.pl\/oferta\/lakiery-perlowe-i-zapachowe\/\"><strong>PERLLACKE UND DUFTLACKE <\/strong><\/a>[\/vc_column_text][\/vc_column_inner][vc_column_inner width=&#8221;1\/5&#8243;][vc_column_text]<a href=\"https:\/\/poligrafiafabisiak.pl\/oferta\/teczki-magnetyczne\/\"><strong>MAGNETISCH VERSCHLIE\u00dfBARE ORDNER\/MAPPE <\/strong><\/a>[\/vc_column_text][\/vc_column_inner][vc_column_inner width=&#8221;1\/5&#8243;][vc_column_text]<a href=\"http:\/\/kalendarzepoznan.pl\/\"><strong>KALENDER<\/strong><\/a>[\/vc_column_text][\/vc_column_inner][vc_column_inner width=&#8221;1\/5&#8243;][\/vc_column_inner][vc_column_inner width=&#8221;1\/5&#8243;][\/vc_column_inner][\/vc_row_inner][vc_empty_space height=&#8221;10&#8243;][vc_column_text]<strong>Unser Angebot umfasst ebenfalls:<\/strong><br \/>\nBuchdruck, Digitalbuchdruck, Brosch\u00fcren, R\u00fcckstichheftung, Klebebindung, B\u00fccher, Bedienungsanleitungen, Berichte, technische Karten, Verlagsprodukte, Hardcover-Bindung, Softcover-Bindung, Hefte, Brosch\u00fcren, Buchherstellung, Angebotsdruck, flexible Bindung, Kataloge, Gebrauchsanweisungen, Periodika, Schulungsmaterialien, CD-Brosch\u00fcren, Preislisten, Kalenderbl\u00e4tter, Buchver\u00f6ffentlichungen, Gesch\u00e4ftsdrucksachen, Werbemappen, Spiralbuchkalender, Booklet-Druck, Magnetnotizbl\u00f6cke.[\/vc_column_text][vc_empty_space height=&#8221;0&#8243;][vc_column_text]<strong>Schnelle, moderne Etikettendruckerei.<\/strong><br \/>\n<strong>Silberne und goldene Folienaufkleber<\/strong>, <strong>Aufkleber mit starkem Klebstoff<\/strong>, <strong>ETIKETTEN F\u00dcR <\/strong>DEN KONTAKT MIT LEBENSMITTELN.<br \/>\nWir bieten au\u00dferdem den Druck von Etiketten und Aufklebern mit Strichcodes an.<\/p>\n<p>ADH\u00c4SIVE ETIKETTEN UND AUFKLEBER, TRANSPARENTE ETIKETTEN UND AUFKLEBER, ETIKETTEN AUF KRAFTPAPIER, ETIKETTEN AUF DEKORATIVEM PAPIER, ETIKETTEN AUF METALLISCHEM PAPIER, ETIKETTEN AUF SILBERNEM UND GOLDENEM PAPIER, ETIKETTEN F\u00dcR ARZNEIMITTEL, ETIKETTEN F\u00dcR WEIN, ETIKETTEN F\u00dcR BIER, LEBENSMITTEL-ETIKETTEN, \u00d6KOLOGISCHE ETIKETTEN, INDUSTRIE-ETIKETTEN, KONTURGESCHNITTENE ETIKETTEN.[\/vc_column_text][vc_empty_space height=&#8221;0&#8243;][vc_column_text]<strong>HERSTELLER VON VERPACKUNGEN<\/strong><\/p>\n<p>Kartonverpackungen mit Aufdruck<\/p>\n<p>Verpacken Sie Ihr Produkt auf interessante Weise \u2013 entscheiden Sie sich f\u00fcr Kartonverpackungen.<\/p>\n<p>Auch wenn dies auf den ersten Blick eine klassische L\u00f6sung zu sein scheint, ist es in unserem Fall ganz anders.<\/p>\n<p>Verpacken Sie Ihre Flasche in eine prestigetr\u00e4chtige, originelle und perfekt angepasste Verpackung.[\/vc_column_text][vc_column_text]<\/p>\n<ul>\n<li>Wir produzieren Kartonverpackungen, die Ihr Produkt sicher und zugleich attraktiv pr\u00e4sentieren.<\/li>\n<li>Wir fertigen Verpackungen f\u00fcr Alkohol und andere Flaschen \u2013 mit Logo oder beliebiger Grafik.<\/li>\n<li>Wir setzen sowohl auf Standard- als auch auf individuelle Projekte und produzieren Werbeschachteln mit Aufdruck.<\/li>\n<li>Wir bieten Verpackungen aus umweltfreundlichem Karton (Eco) an.<\/li>\n<li>Gro\u00dfe Auswahl an Veredelungen, unter anderem: Folienbeschichtung, Lackierung, Pr\u00e4gung, Vergoldung oder Hei\u00dfpr\u00e4gung (Hot Stamping).<\/li>\n<li>Formverpackungen,<\/li>\n<li>mit Deckel,<\/li>\n<li>faltbar,<\/li>\n<li>geklebt oder ungeklebt,<\/li>\n<li>mit Automatikboden,<\/li>\n<li>mit doppelten W\u00e4nden,<\/li>\n<li>dekorativ.<\/li>\n<\/ul>\n<p>[\/vc_column_text][vc_empty_space height=&#8221;0&#8243;][vc_empty_space height=&#8221;0&#8243;][vc_column_text]<\/p>\n<h2><strong>\u00d6KOLOGIE<\/strong>:<\/h2>\n<p>Kartonverpackungen, E-Commerce-Verpackungen, umweltfreundliche Verpackungen, \u00f6kologischer Druck, biologisch abbaubare Verpackungen, kompostierbare Verpackungen, Kartonverpackungen mit biologisch abbaubarer Folienverst\u00e4rkung, Kartonverpackungen mit kompostierbarer Folienbeschichtung, Hersteller von Selbstklebeetiketten, kaschierte Verpackungen mit mehrfarbigem Aufdruck.<\/p>\n<ul>\n<li>80 % des Stroms stammt aus unserer eigenen Photovoltaikanlage.<\/li>\n<li>F\u00fcr die Herstellung der Druckplatten verwenden wir eine chemiefreie Technologie.<\/li>\n<li>Wir bieten Produkte aus recycelten Papieren sowie FSC-zertifizierten Materialien an.<\/li>\n<\/ul>\n<p>[\/vc_column_text][vc_column_text css=&#8221;.vc_custom_1763474715193{padding-top: 36px !important;padding-bottom: 36px !important;}&#8221;]<\/p>\n<h2><strong>PERLMUTT- UND DUFTLACKE<\/strong><\/h2>\n<p>DRUCK MIT PERLMUTT- UND DUFTLACKEN<br \/>\nGl\u00e4nzende oder matte Lackierungen \u2013 vollfl\u00e4chig oder partiell \u2013 mit aromatisierten oder anderen Speziallacken.<br \/>\nDie Lackierstation der Druckmaschine KBA Rapida 75 bietet daf\u00fcr eine solide Grundlage auf Basis eines Kammerrakelsystems.[\/vc_column_text][vc_column_text]<\/p>\n<h2><strong>MIT MAGNET VERSCHLIESSBARE MAPPEN<\/strong><\/h2>\n<p>Werbemappen mit <strong>magnetischem Verschluss<\/strong> stehen f\u00fcr Komfort, Prestige und Zufriedenheit mit einem Produkt h\u00f6chster Qualit\u00e4t.<br \/>\nDie <strong>Kalkulationen<\/strong> erstellen wir individuell auf Wunsch des Kunden.<\/p>\n<p>Wir verf\u00fcgen au\u00dferdem \u00fcber <strong>Mappen mit Gummiband<\/strong> sowie <strong>Mappen mit Klettpunktverschluss<\/strong>.<br \/>\nWir bieten \u00fcber <strong>vierzig verschiedene Stanzformen<\/strong> f\u00fcr Werbemappen an.[\/vc_column_text][vc_empty_space height=&#8221;0&#8243;][\/vc_column][\/vc_row]<\/p>\n","protected":false},"excerpt":{"rendered":"<p>[vc_row el_class=&#8221;pasek bgv-center bgh-center sekcja-oferta&#8221; css=&#8221;.vc_custom_1413546755456{margin-bottom: 0px !important;background-image: url(http:\/\/poligrafiafabisiak.pl\/wp-content\/uploads\/2014\/10\/bg3.jpg?id=36) !important;}&#8221;][vc_column][vc_empty_space height=&#8221;40&#8243;][vc_column_text] ANGEBOT [\/vc_column_text][vc_empty_space height=&#8221;30&#8243;][vc_row_inner el_class=&#8221;oferta-border&#8221;][vc_column_inner width=&#8221;1\/4&#8243;][vc_column_text] \u2261DRUCKEREI [\/vc_column_text][vc_column_text] Kartonverpackungen Mehrfarbige Verpackungen Umweltfreundliche Kartonverpackungen E-Commerce-Kartonagen Kartons mit Aufdruck Weinkartons Einzelverpackungen aus Vollpappe Einzelverpackungen aus kaschierter Pappe [\/vc_column_text][\/vc_column_inner][vc_column_inner width=&#8221;1\/4&#8243; css=&#8221;.vc_custom_1421150205006{margin-right: 35px !important;margin-bottom: 35px !important;margin-left: -35px !important;}&#8221;][vc_empty_space height=&#8221;80&#8243; el_class=&#8221;desktop&#8221;][vc_column_text] Kartonverpackungen mit biologisch abbaubarer Folie Kartonverpackungen mit kompostierbarer Folie&#8230;<\/p>\n","protected":false},"author":2,"featured_media":0,"parent":0,"menu_order":0,"comment_status":"closed","ping_status":"open","template":"page-templates\/fullpage.php","meta":[],"yoast_head":"<!-- This site is optimized with the Yoast SEO plugin v15.9 - https:\/\/yoast.com\/wordpress\/plugins\/seo\/ -->\n<meta name=\"robots\" content=\"index, follow, max-snippet:-1, max-image-preview:large, max-video-preview:-1\" \/>\n<link rel=\"canonical\" href=\"https:\/\/poligrafiafabisiak.pl\/oferta\/\" \/>\n<meta property=\"og:locale\" content=\"de_DE\" \/>\n<meta property=\"og:type\" content=\"article\" \/>\n<meta property=\"og:title\" content=\"ANGEBOT - Poligrafia Fabisiak\" \/>\n<meta property=\"og:description\" content=\"[vc_row el_class=&#8221;pasek bgv-center bgh-center sekcja-oferta&#8221; css=&#8221;.vc_custom_1413546755456{margin-bottom: 0px !important;background-image: url(http:\/\/poligrafiafabisiak.pl\/wp-content\/uploads\/2014\/10\/bg3.jpg?id=36) !important;}&#8221;][vc_column][vc_empty_space height=&#8221;40&#8243;][vc_column_text] ANGEBOT [\/vc_column_text][vc_empty_space height=&#8221;30&#8243;][vc_row_inner el_class=&#8221;oferta-border&#8221;][vc_column_inner width=&#8221;1\/4&#8243;][vc_column_text] \u2261DRUCKEREI [\/vc_column_text][vc_column_text] Kartonverpackungen Mehrfarbige Verpackungen Umweltfreundliche Kartonverpackungen E-Commerce-Kartonagen Kartons mit Aufdruck Weinkartons Einzelverpackungen aus Vollpappe Einzelverpackungen aus kaschierter Pappe [\/vc_column_text][\/vc_column_inner][vc_column_inner width=&#8221;1\/4&#8243; css=&#8221;.vc_custom_1421150205006{margin-right: 35px !important;margin-bottom: 35px !important;margin-left: -35px !important;}&#8221;][vc_empty_space height=&#8221;80&#8243; el_class=&#8221;desktop&#8221;][vc_column_text] Kartonverpackungen mit biologisch abbaubarer Folie Kartonverpackungen mit kompostierbarer Folie...\" \/>\n<meta property=\"og:url\" content=\"https:\/\/poligrafiafabisiak.pl\/oferta\/\" \/>\n<meta property=\"og:site_name\" content=\"Poligrafia Fabisiak\" \/>\n<meta property=\"article:modified_time\" content=\"2025-11-18T14:14:07+00:00\" \/>\n<meta name=\"twitter:label1\" content=\"Gesch\u00e4tzte Lesezeit\">\n\t<meta name=\"twitter:data1\" content=\"4\u00a0Minuten\">\n<script type=\"application\/ld+json\" class=\"yoast-schema-graph\">{\"@context\":\"https:\/\/schema.org\",\"@graph\":[{\"@type\":\"WebSite\",\"@id\":\"https:\/\/poligrafiafabisiak.pl\/#website\",\"url\":\"https:\/\/poligrafiafabisiak.pl\/\",\"name\":\"Poligrafia Fabisiak\",\"description\":\"drukarnia Pozna\\u0144 poligrafia - druk offsetowy i cyfrowy\",\"potentialAction\":[{\"@type\":\"SearchAction\",\"target\":\"https:\/\/poligrafiafabisiak.pl\/?s={search_term_string}\",\"query-input\":\"required name=search_term_string\"}],\"inLanguage\":\"de\"},{\"@type\":\"WebPage\",\"@id\":\"https:\/\/poligrafiafabisiak.pl\/oferta\/#webpage\",\"url\":\"https:\/\/poligrafiafabisiak.pl\/oferta\/\",\"name\":\"ANGEBOT - Poligrafia Fabisiak\",\"isPartOf\":{\"@id\":\"https:\/\/poligrafiafabisiak.pl\/#website\"},\"datePublished\":\"2014-12-29T10:17:34+00:00\",\"dateModified\":\"2025-11-18T14:14:07+00:00\",\"breadcrumb\":{\"@id\":\"https:\/\/poligrafiafabisiak.pl\/oferta\/#breadcrumb\"},\"inLanguage\":\"de\",\"potentialAction\":[{\"@type\":\"ReadAction\",\"target\":[\"https:\/\/poligrafiafabisiak.pl\/oferta\/\"]}]},{\"@type\":\"BreadcrumbList\",\"@id\":\"https:\/\/poligrafiafabisiak.pl\/oferta\/#breadcrumb\",\"itemListElement\":[{\"@type\":\"ListItem\",\"position\":1,\"item\":{\"@type\":\"WebPage\",\"@id\":\"https:\/\/poligrafiafabisiak.pl\/de\/\",\"url\":\"https:\/\/poligrafiafabisiak.pl\/de\/\",\"name\":\"Strona g\\u0142\\u00f3wna\"}},{\"@type\":\"ListItem\",\"position\":2,\"item\":{\"@type\":\"WebPage\",\"@id\":\"https:\/\/poligrafiafabisiak.pl\/oferta\/\",\"url\":\"https:\/\/poligrafiafabisiak.pl\/oferta\/\",\"name\":\"ANGEBOT\"}}]}]}<\/script>\n<!-- \/ Yoast SEO plugin. -->","_links":{"self":[{"href":"https:\/\/poligrafiafabisiak.pl\/de\/wp-json\/wp\/v2\/pages\/1259"}],"collection":[{"href":"https:\/\/poligrafiafabisiak.pl\/de\/wp-json\/wp\/v2\/pages"}],"about":[{"href":"https:\/\/poligrafiafabisiak.pl\/de\/wp-json\/wp\/v2\/types\/page"}],"author":[{"embeddable":true,"href":"https:\/\/poligrafiafabisiak.pl\/de\/wp-json\/wp\/v2\/users\/2"}],"replies":[{"embeddable":true,"href":"https:\/\/poligrafiafabisiak.pl\/de\/wp-json\/wp\/v2\/comments?post=1259"}],"version-history":[{"count":4,"href":"https:\/\/poligrafiafabisiak.pl\/de\/wp-json\/wp\/v2\/pages\/1259\/revisions"}],"predecessor-version":[{"id":1346,"href":"https:\/\/poligrafiafabisiak.pl\/de\/wp-json\/wp\/v2\/pages\/1259\/revisions\/1346"}],"wp:attachment":[{"href":"https:\/\/poligrafiafabisiak.pl\/de\/wp-json\/wp\/v2\/media?parent=1259"}],"curies":[{"name":"wp","href":"https:\/\/api.w.org\/{rel}","templated":true}]}}