{"id":1250,"date":"2014-12-29T11:16:30","date_gmt":"2014-12-29T10:16:30","guid":{"rendered":"https:\/\/poligrafiafabisiak.pl\/ueber-uns\/"},"modified":"2026-01-22T12:01:46","modified_gmt":"2026-01-22T11:01:46","slug":"ueber-uns","status":"publish","type":"page","link":"https:\/\/poligrafiafabisiak.pl\/de\/ueber-uns\/","title":{"rendered":"\u00dcBER UNS"},"content":{"rendered":"<p>[vc_row el_class=&#8221;pasek bgv-center bgh-center sekcja-o-firmie&#8221; css=&#8221;.vc_custom_1413546747148{margin-bottom: 0px !important;background-image: url(http:\/\/poligrafiafabisiak.pl\/wp-content\/uploads\/2014\/10\/bg2.jpg?id=35) !important;}&#8221;][vc_column][vc_empty_space height=&#8221;40&#8243;][vc_column_text css=&#8221;.vc_custom_1413546544333{margin-bottom: 25px !important;}&#8221;]<\/p>\n<h1>FIRMENGESCHICHTE<\/h1>\n<p>[\/vc_column_text][vc_column_text]<strong>Poligrafia Fabisiak<\/strong> ist ein Familienunternehmen, das 1991 gegr\u00fcndet wurde.<br \/>\nWas uns von gro\u00dfen Konzernen unterscheidet, ist die N\u00e4he zu unseren Kunden und Mitarbeitern.<\/p>\n<p>Unsere gr\u00f6\u00dfte St\u00e4rke ist die Erbringung von Dienstleistungen auf h\u00f6chstem Niveau \u2013 sowohl in Bezug auf die Qualit\u00e4t unserer Produkte als auch auf unsere fachliche Beratung.<\/p>\n<p>Ein erfahrenes Team, ein moderner Maschinenpark, hochwertige Rohstoffe und st\u00e4ndige Qualit\u00e4tskontrollen garantieren die Zufriedenheit jedes Kunden.<br \/>\nWir arbeiten kontinuierlich daran, unsere Dienstleistungen zu verbessern \u2013 durch Investitionen in neue Technologien und durch die Weiterbildung unserer Mitarbeiter.<\/p>\n<p>Unabh\u00e4ngig davon, wie sehr wir uns weiterentwickeln, bleibt unsere Philosophie gegen\u00fcber unseren Kunden unver\u00e4ndert.[\/vc_column_text][vc_empty_space height=&#8221;30&#8243;][vc_row_inner content_placement=&#8221;middle&#8221; el_class=&#8221;aboutTextImage&#8221;][vc_column_inner width=&#8221;1\/2&#8243;][vc_column_text]<\/p>\n<h3><span style=\"font-size: 16px;\">STRATEGIE<\/span><\/h3>\n<h2>Wir setzen uns Ziele, die wir wirklich erreichen k\u00f6nnen.<br \/>\nUnsere Arbeit basiert auf klar definierten Werten und Prinzipien.<\/h2>\n<p>Wir sind \u00fcberzeugt, dass Umweltschutz und wirtschaftliches Handeln Hand in Hand gehen \u2013 sie sind zwei Seiten derselben Medaille.<br \/>\nDiese \u00dcberzeugung pr\u00e4gt unsere Vision und die Ziele, die wir erreichen wollen.<\/p>\n<p>Dabei achten wir darauf, dass auf dem Weg dorthin nichts verloren geht. Verschwendung ist f\u00fcr uns keine Option \u2013 besonders angesichts der zunehmenden b\u00fcrokratischen Anforderungen im Bereich der Vorschrifteneinhaltung.<\/p>\n<p>Wir schaffen Werte mit Vorsicht, Pr\u00e4zision und Verantwortungsbewusstsein \u2013 gegen\u00fcber unseren Kunden, Partnern, Mitarbeitern und der Umwelt.<\/p>\n<p>Wir arbeiten nach dem Standard <strong>ISO 9001:2025<\/strong>, Zertifikatsnummer <strong>213908\/A\/0001\/UK\/Po<\/strong>.[\/vc_column_text][\/vc_column_inner][vc_column_inner width=&#8221;1\/2&#8243;][vc_single_image image=&#8221;585&#8243; img_size=&#8221;large&#8221; alignment=&#8221;center&#8221;][\/vc_column_inner][\/vc_row_inner][vc_row_inner content_placement=&#8221;middle&#8221; el_class=&#8221;aboutTextImage aboutTextImage&#8211;reverseMobile&#8221;][vc_column_inner width=&#8221;1\/2&#8243;][vc_single_image image=&#8221;589&#8243; img_size=&#8221;large&#8221; alignment=&#8221;center&#8221;][\/vc_column_inner][vc_column_inner width=&#8221;1\/2&#8243;][vc_column_text]<\/p>\n<h3><span style=\"font-size: 16px;\">UMWELT<\/span><\/h3>\n<h2>Wir handeln gegen den Klimawandel.<\/h2>\n<p>Auch wir tragen zum globalen Klimawandel bei \u2013 doch wir tun viel, um unsere negativen Umweltauswirkungen zu minimieren.<\/p>\n<p>Wir betreiben eine eigene <strong>Photovoltaikanlage mit einer Leistung von 250 kWp<\/strong> und investieren kontinuierlich in <strong>Elektrofahrzeuge<\/strong>, die unsere Fahrzeugflotte bilden.[\/vc_column_text][\/vc_column_inner][\/vc_row_inner][vc_row_inner content_placement=&#8221;middle&#8221; el_class=&#8221;aboutTextImage&#8221;][vc_column_inner width=&#8221;1\/2&#8243;][vc_column_text]<\/p>\n<h3><span style=\"font-size: 16px;\">MITARBEITER<\/span><\/h3>\n<h2>Unser Unternehmen hat keine Mitarbeiter \u2013 wir haben Partner.<\/h2>\n<p>Wir sind ein Ort f\u00fcr starke Pers\u00f6nlichkeiten, die gemeinsam an unserer Vision arbeiten und sie verwirklichen.<br \/>\nDas macht aus unseren Mitarbeitern echte Partner, die pers\u00f6nliche Verantwortung f\u00fcr ihr Handeln \u00fcbernehmen.[\/vc_column_text][\/vc_column_inner][vc_column_inner width=&#8221;1\/2&#8243;][vc_single_image image=&#8221;591&#8243; img_size=&#8221;large&#8221; alignment=&#8221;center&#8221;][\/vc_column_inner][\/vc_row_inner][vc_row_inner content_placement=&#8221;middle&#8221; el_class=&#8221;aboutTextImage aboutTextImage&#8211;reverseMobile&#8221;][vc_column_inner width=&#8221;1\/2&#8243;][vc_single_image image=&#8221;592&#8243; img_size=&#8221;large&#8221; alignment=&#8221;center&#8221;][\/vc_column_inner][vc_column_inner width=&#8221;1\/2&#8243;][vc_column_text]<\/p>\n<h3><span style=\"font-size: 16px;\">LIEFERKETTE<\/span><\/h3>\n<h2>Wir w\u00e4hlen die Besten \u2013 zum Vorteil unserer Kunden.<\/h2>\n<p>Wir arbeiten mit vielen Partnern zusammen: kleinen, mittleren und gro\u00dfen Unternehmen, die uns mit Waren beliefern und mit Dienstleistungen unterst\u00fctzen.<\/p>\n<p>Jeden Partner w\u00e4hlen wir sorgf\u00e4ltig aus, um sicherzustellen, dass er unsere Werte teilt und auf Qualit\u00e4t sowie Produktsicherheit achtet.<\/p>\n<p>Wir produzieren nach den Prinzipien der verantwortungsvollen Forstwirtschaft.[\/vc_column_text][\/vc_column_inner][\/vc_row_inner][\/vc_column][\/vc_row][vc_row full_width=&#8221;stretch_row&#8221; css=&#8221;.vc_custom_1689881923436{background-image: url(https:\/\/poligrafiafabisiak.pl\/wp-content\/uploads\/2023\/07\/FOTO_AMBICJE.jpg?id=594) !important;background-position: center !important;background-repeat: no-repeat !important;background-size: cover !important;}&#8221; el_class=&#8221;ambitionsSection&#8221;][vc_column][vc_column_text]<\/p>\n<h3 style=\"text-align: center;\"><span style=\"font-size: 16px;\">UNSERE AMBITIONEN<\/span><\/h3>\n<h2 style=\"text-align: center;\"><strong>Verbindungen, die die Zeit \u00fcberdauern.<\/strong><\/h2>\n<p style=\"text-align: center;\">Wir sind \u00e4u\u00dferst sorgf\u00e4ltig bei der Auswahl unserer Lieferanten \u2013 insbesondere, wenn es um Papier geht. Da Papier den gr\u00f6\u00dften Teil unserer Bestellungen ausmacht, kennen wir jeden unserer Partner pers\u00f6nlich.<\/p>\n<p style=\"text-align: center;\">Wir stehen in st\u00e4ndigem Kontakt mit ihnen. Sobald die Qualit\u00e4t nicht mehr unseren Anforderungen entspricht und das Problem nicht behoben wird, sagen wir <strong>STOP<\/strong>.<\/p>\n<p>[\/vc_column_text][\/vc_column][\/vc_row]<\/p>\n","protected":false},"excerpt":{"rendered":"<p>[vc_row el_class=&#8221;pasek bgv-center bgh-center sekcja-o-firmie&#8221; css=&#8221;.vc_custom_1413546747148{margin-bottom: 0px !important;background-image: url(http:\/\/poligrafiafabisiak.pl\/wp-content\/uploads\/2014\/10\/bg2.jpg?id=35) !important;}&#8221;][vc_column][vc_empty_space height=&#8221;40&#8243;][vc_column_text css=&#8221;.vc_custom_1413546544333{margin-bottom: 25px !important;}&#8221;] FIRMENGESCHICHTE [\/vc_column_text][vc_column_text]Poligrafia Fabisiak ist ein Familienunternehmen, das 1991 gegr\u00fcndet wurde. Was uns von gro\u00dfen Konzernen unterscheidet, ist die N\u00e4he zu unseren Kunden und Mitarbeitern. Unsere gr\u00f6\u00dfte St\u00e4rke ist die Erbringung von Dienstleistungen auf h\u00f6chstem Niveau \u2013 sowohl in Bezug auf die&#8230;<\/p>\n","protected":false},"author":2,"featured_media":0,"parent":0,"menu_order":0,"comment_status":"closed","ping_status":"open","template":"page-templates\/fullpage.php","meta":[],"yoast_head":"<!-- This site is optimized with the Yoast SEO plugin v15.9 - https:\/\/yoast.com\/wordpress\/plugins\/seo\/ -->\n<meta name=\"robots\" content=\"index, follow, max-snippet:-1, max-image-preview:large, max-video-preview:-1\" \/>\n<link rel=\"canonical\" href=\"https:\/\/poligrafiafabisiak.pl\/o-firmie\/\" \/>\n<meta property=\"og:locale\" content=\"de_DE\" \/>\n<meta property=\"og:type\" content=\"article\" \/>\n<meta property=\"og:title\" content=\"\u00dcBER UNS - Poligrafia Fabisiak\" \/>\n<meta property=\"og:description\" content=\"[vc_row el_class=&#8221;pasek bgv-center bgh-center sekcja-o-firmie&#8221; css=&#8221;.vc_custom_1413546747148{margin-bottom: 0px !important;background-image: url(http:\/\/poligrafiafabisiak.pl\/wp-content\/uploads\/2014\/10\/bg2.jpg?id=35) !important;}&#8221;][vc_column][vc_empty_space height=&#8221;40&#8243;][vc_column_text css=&#8221;.vc_custom_1413546544333{margin-bottom: 25px !important;}&#8221;] FIRMENGESCHICHTE [\/vc_column_text][vc_column_text]Poligrafia Fabisiak ist ein Familienunternehmen, das 1991 gegr\u00fcndet wurde. Was uns von gro\u00dfen Konzernen unterscheidet, ist die N\u00e4he zu unseren Kunden und Mitarbeitern. Unsere gr\u00f6\u00dfte St\u00e4rke ist die Erbringung von Dienstleistungen auf h\u00f6chstem Niveau \u2013 sowohl in Bezug auf die...\" \/>\n<meta property=\"og:url\" content=\"https:\/\/poligrafiafabisiak.pl\/o-firmie\/\" \/>\n<meta property=\"og:site_name\" content=\"Poligrafia Fabisiak\" \/>\n<meta property=\"article:modified_time\" content=\"2026-01-22T11:01:46+00:00\" \/>\n<meta name=\"twitter:label1\" content=\"Gesch\u00e4tzte Lesezeit\">\n\t<meta name=\"twitter:data1\" content=\"3\u00a0Minuten\">\n<script type=\"application\/ld+json\" class=\"yoast-schema-graph\">{\"@context\":\"https:\/\/schema.org\",\"@graph\":[{\"@type\":\"WebSite\",\"@id\":\"https:\/\/poligrafiafabisiak.pl\/#website\",\"url\":\"https:\/\/poligrafiafabisiak.pl\/\",\"name\":\"Poligrafia Fabisiak\",\"description\":\"drukarnia Pozna\\u0144 poligrafia - druk offsetowy i cyfrowy\",\"potentialAction\":[{\"@type\":\"SearchAction\",\"target\":\"https:\/\/poligrafiafabisiak.pl\/?s={search_term_string}\",\"query-input\":\"required name=search_term_string\"}],\"inLanguage\":\"de\"},{\"@type\":\"WebPage\",\"@id\":\"https:\/\/poligrafiafabisiak.pl\/o-firmie\/#webpage\",\"url\":\"https:\/\/poligrafiafabisiak.pl\/o-firmie\/\",\"name\":\"\\u00dcBER UNS - Poligrafia Fabisiak\",\"isPartOf\":{\"@id\":\"https:\/\/poligrafiafabisiak.pl\/#website\"},\"datePublished\":\"2014-12-29T10:16:30+00:00\",\"dateModified\":\"2026-01-22T11:01:46+00:00\",\"breadcrumb\":{\"@id\":\"https:\/\/poligrafiafabisiak.pl\/o-firmie\/#breadcrumb\"},\"inLanguage\":\"de\",\"potentialAction\":[{\"@type\":\"ReadAction\",\"target\":[\"https:\/\/poligrafiafabisiak.pl\/o-firmie\/\"]}]},{\"@type\":\"BreadcrumbList\",\"@id\":\"https:\/\/poligrafiafabisiak.pl\/o-firmie\/#breadcrumb\",\"itemListElement\":[{\"@type\":\"ListItem\",\"position\":1,\"item\":{\"@type\":\"WebPage\",\"@id\":\"https:\/\/poligrafiafabisiak.pl\/de\/\",\"url\":\"https:\/\/poligrafiafabisiak.pl\/de\/\",\"name\":\"Strona g\\u0142\\u00f3wna\"}},{\"@type\":\"ListItem\",\"position\":2,\"item\":{\"@type\":\"WebPage\",\"@id\":\"https:\/\/poligrafiafabisiak.pl\/o-firmie\/\",\"url\":\"https:\/\/poligrafiafabisiak.pl\/o-firmie\/\",\"name\":\"\\u00dcBER UNS\"}}]}]}<\/script>\n<!-- \/ Yoast SEO plugin. -->","_links":{"self":[{"href":"https:\/\/poligrafiafabisiak.pl\/de\/wp-json\/wp\/v2\/pages\/1250"}],"collection":[{"href":"https:\/\/poligrafiafabisiak.pl\/de\/wp-json\/wp\/v2\/pages"}],"about":[{"href":"https:\/\/poligrafiafabisiak.pl\/de\/wp-json\/wp\/v2\/types\/page"}],"author":[{"embeddable":true,"href":"https:\/\/poligrafiafabisiak.pl\/de\/wp-json\/wp\/v2\/users\/2"}],"replies":[{"embeddable":true,"href":"https:\/\/poligrafiafabisiak.pl\/de\/wp-json\/wp\/v2\/comments?post=1250"}],"version-history":[{"count":7,"href":"https:\/\/poligrafiafabisiak.pl\/de\/wp-json\/wp\/v2\/pages\/1250\/revisions"}],"predecessor-version":[{"id":1378,"href":"https:\/\/poligrafiafabisiak.pl\/de\/wp-json\/wp\/v2\/pages\/1250\/revisions\/1378"}],"wp:attachment":[{"href":"https:\/\/poligrafiafabisiak.pl\/de\/wp-json\/wp\/v2\/media?parent=1250"}],"curies":[{"name":"wp","href":"https:\/\/api.w.org\/{rel}","templated":true}]}}